{"id":2206,"date":"2020-06-29T09:52:06","date_gmt":"2020-06-29T09:52:06","guid":{"rendered":"https:\/\/www.vacuumcooling.com\/?page_id=2206"},"modified":"2020-07-17T16:25:58","modified_gmt":"2020-07-17T16:25:58","slug":"food-2","status":"publish","type":"page","link":"https:\/\/www.vacuumcooling.com\/de\/food-2\/","title":{"rendered":"Food"},"content":{"rendered":"\t\t<div data-elementor-type=\"wp-page\" data-elementor-id=\"2206\" class=\"elementor elementor-2206\" data-elementor-post-type=\"page\">\n\t\t\t\t\t\t<section class=\"elementor-section elementor-top-section elementor-element elementor-element-2bedc3e1 elementor-section-boxed elementor-section-height-default elementor-section-height-default\" data-id=\"2bedc3e1\" data-element_type=\"section\" data-e-type=\"section\">\n\t\t\t\t\t\t<div class=\"elementor-container elementor-column-gap-default\">\n\t\t\t\t\t<div class=\"elementor-column elementor-col-33 elementor-top-column elementor-element elementor-element-6ba9d133\" data-id=\"6ba9d133\" data-element_type=\"column\" data-e-type=\"column\">\n\t\t\t<div class=\"elementor-widget-wrap elementor-element-populated\">\n\t\t\t\t\t\t<div class=\"elementor-element elementor-element-f827430 din elementor-widget elementor-widget-heading\" data-id=\"f827430\" data-element_type=\"widget\" data-e-type=\"widget\" data-widget_type=\"heading.default\">\n\t\t\t\t<div class=\"elementor-widget-container\">\n\t\t\t\t\t<h2 class=\"elementor-heading-title elementor-size-default\"><a href=\"https:\/\/www.vacuumcooling.com\/de\/baeckereiprodukte\/\">B\u00e4ckereiprodukte<\/a><\/h2>\t\t\t\t<\/div>\n\t\t\t\t<\/div>\n\t\t\t\t\t<\/div>\n\t\t<\/div>\n\t\t\t\t<div class=\"elementor-column elementor-col-33 elementor-top-column elementor-element elementor-element-13fbcb75\" data-id=\"13fbcb75\" data-element_type=\"column\" data-e-type=\"column\">\n\t\t\t<div class=\"elementor-widget-wrap elementor-element-populated\">\n\t\t\t\t\t\t<div class=\"elementor-element elementor-element-9d1c711 din elementor-widget elementor-widget-heading\" data-id=\"9d1c711\" data-element_type=\"widget\" data-e-type=\"widget\" data-widget_type=\"heading.default\">\n\t\t\t\t<div class=\"elementor-widget-container\">\n\t\t\t\t\t<h2 class=\"elementor-heading-title elementor-size-default\">Food<\/h2>\t\t\t\t<\/div>\n\t\t\t\t<\/div>\n\t\t\t\t\t<\/div>\n\t\t<\/div>\n\t\t\t\t<div class=\"elementor-column elementor-col-33 elementor-top-column elementor-element elementor-element-3293c04d\" data-id=\"3293c04d\" data-element_type=\"column\" data-e-type=\"column\">\n\t\t\t<div class=\"elementor-widget-wrap elementor-element-populated\">\n\t\t\t\t\t\t<div class=\"elementor-element elementor-element-2828f35b din elementor-widget elementor-widget-heading\" data-id=\"2828f35b\" data-element_type=\"widget\" data-e-type=\"widget\" data-widget_type=\"heading.default\">\n\t\t\t\t<div class=\"elementor-widget-container\">\n\t\t\t\t\t<h2 class=\"elementor-heading-title elementor-size-default\">Non-Food<\/h2>\t\t\t\t<\/div>\n\t\t\t\t<\/div>\n\t\t\t\t\t<\/div>\n\t\t<\/div>\n\t\t\t\t\t<\/div>\n\t\t<\/section>\n\t\t\t\t<section class=\"elementor-section elementor-top-section elementor-element elementor-element-7cf504d4 elementor-section-boxed elementor-section-height-default elementor-section-height-default\" data-id=\"7cf504d4\" data-element_type=\"section\" data-e-type=\"section\">\n\t\t\t\t\t\t<div class=\"elementor-container elementor-column-gap-default\">\n\t\t\t\t\t<div class=\"elementor-column elementor-col-50 elementor-top-column elementor-element elementor-element-1e281f7\" data-id=\"1e281f7\" data-element_type=\"column\" data-e-type=\"column\">\n\t\t\t<div class=\"elementor-widget-wrap elementor-element-populated\">\n\t\t\t\t\t\t<div class=\"elementor-element elementor-element-4e251dae elementor-widget elementor-widget-spacer\" data-id=\"4e251dae\" data-element_type=\"widget\" data-e-type=\"widget\" data-widget_type=\"spacer.default\">\n\t\t\t\t<div class=\"elementor-widget-container\">\n\t\t\t\t\t\t\t<div class=\"elementor-spacer\">\n\t\t\t<div class=\"elementor-spacer-inner\"><\/div>\n\t\t<\/div>\n\t\t\t\t\t\t<\/div>\n\t\t\t\t<\/div>\n\t\t\t\t<div class=\"elementor-element elementor-element-70ebe4e6 elementor-widget elementor-widget-text-editor\" data-id=\"70ebe4e6\" data-element_type=\"widget\" data-e-type=\"widget\" data-widget_type=\"text-editor.default\">\n\t\t\t\t<div class=\"elementor-widget-container\">\n\t\t\t\t\t\t\t\t\t<p>Mit der Einf\u00fchrung der Vakuumk\u00fchltechnologie in der Lebensmittelindustrie k\u00f6nnen der Back- und K\u00fchlprozess, die Temperatur und der Feuchtigkeitsgehalt gesteuert und kontrolliert werden. Dies f\u00fchrt zu erheblichen Prozessverbesserungen und besseren Endprodukten.<\/p><p>\u00a0<\/p><p>Vacuum Cooling &amp; Baking kann die Qualit\u00e4t und Produktion verschiedener Lebensmittelkategorien erheblich verbessern und zu einer besseren Haltbarkeit von Produkten beitragen. M\u00f6chten Sie erfahren, was dies f\u00fcr Ihre Produkte und die Produktion bedeuten kann?<\/p><p>Nehmen Sie Kontakt mit uns auf.<\/p>\t\t\t\t\t\t\t\t<\/div>\n\t\t\t\t<\/div>\n\t\t\t\t\t<\/div>\n\t\t<\/div>\n\t\t\t\t<div class=\"elementor-column elementor-col-50 elementor-top-column elementor-element elementor-element-d5767e6\" data-id=\"d5767e6\" data-element_type=\"column\" data-e-type=\"column\">\n\t\t\t<div class=\"elementor-widget-wrap\">\n\t\t\t\t\t\t\t<\/div>\n\t\t<\/div>\n\t\t\t\t\t<\/div>\n\t\t<\/section>\n\t\t\t\t<section class=\"elementor-section elementor-top-section elementor-element elementor-element-703f3d8 elementor-section-boxed elementor-section-height-default elementor-section-height-default\" data-id=\"703f3d8\" data-element_type=\"section\" data-e-type=\"section\">\n\t\t\t\t\t\t<div class=\"elementor-container elementor-column-gap-default\">\n\t\t\t\t\t<div class=\"elementor-column elementor-col-100 elementor-top-column elementor-element elementor-element-6380e96\" data-id=\"6380e96\" data-element_type=\"column\" data-e-type=\"column\">\n\t\t\t<div class=\"elementor-widget-wrap elementor-element-populated\">\n\t\t\t\t\t\t<div class=\"elementor-element elementor-element-43bfda64 din elementor-widget elementor-widget-heading\" data-id=\"43bfda64\" data-element_type=\"widget\" data-e-type=\"widget\" data-widget_type=\"heading.default\">\n\t\t\t\t<div class=\"elementor-widget-container\">\n\t\t\t\t\t<h2 class=\"elementor-heading-title elementor-size-default\">Einige Beispiele von Produktgruppen, die vom Vakuumk\u00fchlen profitieren k\u00f6nnen <\/h2>\t\t\t\t<\/div>\n\t\t\t\t<\/div>\n\t\t\t\t<div class=\"elementor-element elementor-element-3972d5e3 elementor-widget elementor-widget-text-editor\" data-id=\"3972d5e3\" data-element_type=\"widget\" data-e-type=\"widget\" data-widget_type=\"text-editor.default\">\n\t\t\t\t<div class=\"elementor-widget-container\">\n\t\t\t\t\t\t\t\t\t<ul><li><span style=\"color: #ffffff;\">B\u00e4ckereiprodukte;<\/span><\/li><li><span style=\"color: #ffffff;\">Saucen und Suppen;<\/span><\/li><li><span style=\"color: #ffffff;\">Reisprodukte; Quinoa;<\/span><\/li><li><span style=\"color: #ffffff;\">Fleisch- Fisch und Fleischersatzprodukte (Produktionsgeschwindigkeit und -kapazit\u00e4t, Minimierung der Kontaminationsphase, l\u00e4ngere Haltbarkeit);<\/span><\/li><li><span style=\"color: #ffffff;\">Blumen und Pflanzen (l\u00e4ngere Haltbarkeit);<\/span><\/li><li><span style=\"color: #ffffff;\">Grasmatten und Kompost (verbesserter Transport)<\/span><\/li><\/ul>\t\t\t\t\t\t\t\t<\/div>\n\t\t\t\t<\/div>\n\t\t\t\t<div class=\"elementor-element elementor-element-79c94611 elementor-widget elementor-widget-spacer\" data-id=\"79c94611\" data-element_type=\"widget\" data-e-type=\"widget\" data-widget_type=\"spacer.default\">\n\t\t\t\t<div class=\"elementor-widget-container\">\n\t\t\t\t\t\t\t<div class=\"elementor-spacer\">\n\t\t\t<div class=\"elementor-spacer-inner\"><\/div>\n\t\t<\/div>\n\t\t\t\t\t\t<\/div>\n\t\t\t\t<\/div>\n\t\t\t\t<div class=\"elementor-element elementor-element-4e0598c elementor-widget elementor-widget-spacer\" data-id=\"4e0598c\" data-element_type=\"widget\" data-e-type=\"widget\" data-widget_type=\"spacer.default\">\n\t\t\t\t<div class=\"elementor-widget-container\">\n\t\t\t\t\t\t\t<div class=\"elementor-spacer\">\n\t\t\t<div class=\"elementor-spacer-inner\"><\/div>\n\t\t<\/div>\n\t\t\t\t\t\t<\/div>\n\t\t\t\t<\/div>\n\t\t\t\t\t<\/div>\n\t\t<\/div>\n\t\t\t\t\t<\/div>\n\t\t<\/section>\n\t\t\t\t<\/div>\n\t\t","protected":false},"excerpt":{"rendered":"<p>B\u00e4ckereiprodukte Food Non-Food Mit der Einf\u00fchrung der Vakuumk\u00fchltechnologie in der Lebensmittelindustrie k\u00f6nnen der Back- und K\u00fchlprozess, die Temperatur und der Feuchtigkeitsgehalt gesteuert und kontrolliert werden. Dies f\u00fchrt zu erheblichen Prozessverbesserungen und besseren Endprodukten. \u00a0 Vacuum Cooling &amp; Baking kann die Qualit\u00e4t und Produktion verschiedener Lebensmittelkategorien&#8230;<\/p>\n","protected":false},"author":7,"featured_media":0,"parent":0,"menu_order":0,"comment_status":"closed","ping_status":"closed","template":"","meta":{"footnotes":""},"class_list":["post-2206","page","type-page","status-publish","hentry"],"yoast_head":"<!-- This site is optimized with the Yoast SEO Premium plugin v27.1 (Yoast SEO v27.2) - https:\/\/yoast.com\/product\/yoast-seo-premium-wordpress\/ -->\n<title>Food - Vacuum Cooling &amp; Baking Solutions<\/title>\n<meta name=\"robots\" content=\"index, follow, max-snippet:-1, max-image-preview:large, max-video-preview:-1\" \/>\n<link rel=\"canonical\" href=\"https:\/\/www.vacuumcooling.com\/de\/food-2\/\" \/>\n<meta property=\"og:locale\" content=\"de_DE\" \/>\n<meta property=\"og:type\" content=\"article\" \/>\n<meta property=\"og:title\" content=\"Food\" \/>\n<meta property=\"og:description\" content=\"B\u00e4ckereiprodukte Food Non-Food Mit der Einf\u00fchrung der Vakuumk\u00fchltechnologie in der Lebensmittelindustrie k\u00f6nnen der Back- und K\u00fchlprozess, die Temperatur und der Feuchtigkeitsgehalt gesteuert und kontrolliert werden. Dies f\u00fchrt zu erheblichen Prozessverbesserungen und besseren Endprodukten. \u00a0 Vacuum Cooling &amp; Baking kann die Qualit\u00e4t und Produktion verschiedener Lebensmittelkategorien...\" \/>\n<meta property=\"og:url\" content=\"https:\/\/www.vacuumcooling.com\/de\/food-2\/\" \/>\n<meta property=\"og:site_name\" content=\"Vacuum Cooling &amp; Baking Solutions\" \/>\n<meta property=\"article:modified_time\" content=\"2020-07-17T16:25:58+00:00\" \/>\n<meta name=\"twitter:card\" content=\"summary_large_image\" \/>\n<meta name=\"twitter:label1\" content=\"Gesch\u00e4tzte Lesezeit\" \/>\n\t<meta name=\"twitter:data1\" content=\"1\u00a0Minute\" \/>\n<script type=\"application\/ld+json\" class=\"yoast-schema-graph\">{\"@context\":\"https:\/\/schema.org\",\"@graph\":[{\"@type\":\"WebPage\",\"@id\":\"https:\/\/www.vacuumcooling.com\/de\/food-2\/\",\"url\":\"https:\/\/www.vacuumcooling.com\/de\/food-2\/\",\"name\":\"Food - Vacuum Cooling &amp; Baking Solutions\",\"isPartOf\":{\"@id\":\"https:\/\/www.vacuumcooling.com\/#website\"},\"datePublished\":\"2020-06-29T09:52:06+00:00\",\"dateModified\":\"2020-07-17T16:25:58+00:00\",\"breadcrumb\":{\"@id\":\"https:\/\/www.vacuumcooling.com\/de\/food-2\/#breadcrumb\"},\"inLanguage\":\"de\",\"potentialAction\":[{\"@type\":\"ReadAction\",\"target\":[\"https:\/\/www.vacuumcooling.com\/de\/food-2\/\"]}]},{\"@type\":\"BreadcrumbList\",\"@id\":\"https:\/\/www.vacuumcooling.com\/de\/food-2\/#breadcrumb\",\"itemListElement\":[{\"@type\":\"ListItem\",\"position\":1,\"name\":\"Home\",\"item\":\"https:\/\/www.vacuumcooling.com\/de\/\"},{\"@type\":\"ListItem\",\"position\":2,\"name\":\"Food\"}]},{\"@type\":\"WebSite\",\"@id\":\"https:\/\/www.vacuumcooling.com\/#website\",\"url\":\"https:\/\/www.vacuumcooling.com\/\",\"name\":\"Vacuum Cooling &amp; Baking Solutions\",\"description\":\"Vacuum Cooling &amp; Baking Solutions\",\"potentialAction\":[{\"@type\":\"SearchAction\",\"target\":{\"@type\":\"EntryPoint\",\"urlTemplate\":\"https:\/\/www.vacuumcooling.com\/?s={search_term_string}\"},\"query-input\":{\"@type\":\"PropertyValueSpecification\",\"valueRequired\":true,\"valueName\":\"search_term_string\"}}],\"inLanguage\":\"de\"}]}<\/script>\n<!-- \/ Yoast SEO Premium plugin. -->","yoast_head_json":{"title":"Food - Vacuum Cooling &amp; Baking Solutions","robots":{"index":"index","follow":"follow","max-snippet":"max-snippet:-1","max-image-preview":"max-image-preview:large","max-video-preview":"max-video-preview:-1"},"canonical":"https:\/\/www.vacuumcooling.com\/de\/food-2\/","og_locale":"de_DE","og_type":"article","og_title":"Food","og_description":"B\u00e4ckereiprodukte Food Non-Food Mit der Einf\u00fchrung der Vakuumk\u00fchltechnologie in der Lebensmittelindustrie k\u00f6nnen der Back- und K\u00fchlprozess, die Temperatur und der Feuchtigkeitsgehalt gesteuert und kontrolliert werden. Dies f\u00fchrt zu erheblichen Prozessverbesserungen und besseren Endprodukten. \u00a0 Vacuum Cooling &amp; Baking kann die Qualit\u00e4t und Produktion verschiedener Lebensmittelkategorien...","og_url":"https:\/\/www.vacuumcooling.com\/de\/food-2\/","og_site_name":"Vacuum Cooling &amp; Baking Solutions","article_modified_time":"2020-07-17T16:25:58+00:00","twitter_card":"summary_large_image","twitter_misc":{"Gesch\u00e4tzte Lesezeit":"1\u00a0Minute"},"schema":{"@context":"https:\/\/schema.org","@graph":[{"@type":"WebPage","@id":"https:\/\/www.vacuumcooling.com\/de\/food-2\/","url":"https:\/\/www.vacuumcooling.com\/de\/food-2\/","name":"Food - Vacuum Cooling &amp; Baking Solutions","isPartOf":{"@id":"https:\/\/www.vacuumcooling.com\/#website"},"datePublished":"2020-06-29T09:52:06+00:00","dateModified":"2020-07-17T16:25:58+00:00","breadcrumb":{"@id":"https:\/\/www.vacuumcooling.com\/de\/food-2\/#breadcrumb"},"inLanguage":"de","potentialAction":[{"@type":"ReadAction","target":["https:\/\/www.vacuumcooling.com\/de\/food-2\/"]}]},{"@type":"BreadcrumbList","@id":"https:\/\/www.vacuumcooling.com\/de\/food-2\/#breadcrumb","itemListElement":[{"@type":"ListItem","position":1,"name":"Home","item":"https:\/\/www.vacuumcooling.com\/de\/"},{"@type":"ListItem","position":2,"name":"Food"}]},{"@type":"WebSite","@id":"https:\/\/www.vacuumcooling.com\/#website","url":"https:\/\/www.vacuumcooling.com\/","name":"Vacuum Cooling &amp; Baking Solutions","description":"Vacuum Cooling &amp; Baking Solutions","potentialAction":[{"@type":"SearchAction","target":{"@type":"EntryPoint","urlTemplate":"https:\/\/www.vacuumcooling.com\/?s={search_term_string}"},"query-input":{"@type":"PropertyValueSpecification","valueRequired":true,"valueName":"search_term_string"}}],"inLanguage":"de"}]}},"_links":{"self":[{"href":"https:\/\/www.vacuumcooling.com\/de\/wp-json\/wp\/v2\/pages\/2206","targetHints":{"allow":["GET"]}}],"collection":[{"href":"https:\/\/www.vacuumcooling.com\/de\/wp-json\/wp\/v2\/pages"}],"about":[{"href":"https:\/\/www.vacuumcooling.com\/de\/wp-json\/wp\/v2\/types\/page"}],"author":[{"embeddable":true,"href":"https:\/\/www.vacuumcooling.com\/de\/wp-json\/wp\/v2\/users\/7"}],"replies":[{"embeddable":true,"href":"https:\/\/www.vacuumcooling.com\/de\/wp-json\/wp\/v2\/comments?post=2206"}],"version-history":[{"count":0,"href":"https:\/\/www.vacuumcooling.com\/de\/wp-json\/wp\/v2\/pages\/2206\/revisions"}],"wp:attachment":[{"href":"https:\/\/www.vacuumcooling.com\/de\/wp-json\/wp\/v2\/media?parent=2206"}],"curies":[{"name":"wp","href":"https:\/\/api.w.org\/{rel}","templated":true}]}}