{"id":2211,"date":"2020-06-29T09:52:34","date_gmt":"2020-06-29T09:52:34","guid":{"rendered":"https:\/\/www.vacuumcooling.com\/?page_id=2211"},"modified":"2020-07-17T17:16:57","modified_gmt":"2020-07-17T17:16:57","slug":"geschichte","status":"publish","type":"page","link":"https:\/\/www.vacuumcooling.com\/de\/geschichte\/","title":{"rendered":"Geschichte"},"content":{"rendered":"\t\t<div data-elementor-type=\"wp-page\" data-elementor-id=\"2211\" class=\"elementor elementor-2211\" data-elementor-post-type=\"page\">\n\t\t\t\t\t\t<section class=\"elementor-section elementor-top-section elementor-element elementor-element-806836c elementor-section-boxed elementor-section-height-default elementor-section-height-default\" data-id=\"806836c\" data-element_type=\"section\" data-e-type=\"section\">\n\t\t\t\t\t\t<div class=\"elementor-container elementor-column-gap-default\">\n\t\t\t\t\t<div class=\"elementor-column elementor-col-100 elementor-top-column elementor-element elementor-element-5ec3ca4\" data-id=\"5ec3ca4\" data-element_type=\"column\" data-e-type=\"column\">\n\t\t\t<div class=\"elementor-widget-wrap elementor-element-populated\">\n\t\t\t\t\t\t<div class=\"elementor-element elementor-element-a93e7ee din elementor-widget elementor-widget-heading\" data-id=\"a93e7ee\" data-element_type=\"widget\" data-e-type=\"widget\" data-widget_type=\"heading.default\">\n\t\t\t\t<div class=\"elementor-widget-container\">\n\t\t\t\t\t<h2 class=\"elementor-heading-title elementor-size-default\">Geschichte<\/h2>\t\t\t\t<\/div>\n\t\t\t\t<\/div>\n\t\t\t\t\t<\/div>\n\t\t<\/div>\n\t\t\t\t\t<\/div>\n\t\t<\/section>\n\t\t\t\t<section class=\"elementor-section elementor-top-section elementor-element elementor-element-ff0abe7 elementor-section-boxed elementor-section-height-default elementor-section-height-default\" data-id=\"ff0abe7\" data-element_type=\"section\" data-e-type=\"section\">\n\t\t\t\t\t\t<div class=\"elementor-container elementor-column-gap-default\">\n\t\t\t\t\t<div class=\"elementor-column elementor-col-50 elementor-top-column elementor-element elementor-element-3293b56\" data-id=\"3293b56\" data-element_type=\"column\" data-e-type=\"column\">\n\t\t\t<div class=\"elementor-widget-wrap elementor-element-populated\">\n\t\t\t\t\t\t<div class=\"elementor-element elementor-element-c7ccad1 elementor-widget elementor-widget-text-editor\" data-id=\"c7ccad1\" data-element_type=\"widget\" data-e-type=\"widget\" data-widget_type=\"text-editor.default\">\n\t\t\t\t<div class=\"elementor-widget-container\">\n\t\t\t\t\t\t\t\t\t<p>Vacuum Cooling &amp; Baking blickt auf eine zeitlich gesehen kurze Geschichte zur\u00fcck, aber daf\u00fcr auf eine beeindruckende Geschichte im Hinblick auf die Ergebnisse. Die Verhoeven Bakery Equipment Family hat diesen Produktionszweig im Jahr 2014 gegr\u00fcndet. Unsere L\u00f6sungen sind nun in den Produktionslinien \u00fcber der ganzen Welt verteilt zu finden. Wir sind Weltmarktf\u00fchrer in der Backwarenindustrie. Bei Vacuum Cooling &amp; Baking kombinieren wir \u00fcberlegenes technologisches Wissen mit Maschinen, die nach h\u00f6chsten Qualit\u00e4tsstandards hergestellt und mit einer von der NASA entwickelten Software auf Nachhaltigkeit getestet wurden.<\/p><p>\u00a0<\/p><p>Ab dem Jahr 1972 begann die B\u00e4ckereiindustrie, die Vakuumk\u00fchltechnologie in kleinem Ma\u00dfstab einzusetzen, aber diese Systeme waren sehr teuer, und die Ergebnisse waren nicht konsistent.<\/p><p>Zu Beginn dieses Jahrhunderts wurden Vakuumk\u00fchlsysteme g\u00fcnstiger und auch viel zuverl\u00e4ssiger.<\/p><p>\u00a0<\/p><p>Ende 2013 reagierte die Verhoeven Bakery Equipment Family auf diesen Trend mit unserem neuen Unternehmenszweig: Vacuum Cooling and Baking Solutions. Seitdem haben wir den Vakuumk\u00fchler unserem Produktionsportfolio hinzugef\u00fcgt und liefern diesen neben unseren bestehenden K\u00fchll\u00f6sungen. Im Laufe der Jahre haben wir fortdauernd an der Produktentwicklung gearbeitet. Seit wir im M\u00e4rz 2014 auf der Europain in Paris unsere Batchkammer und unser kontinuierliches System vorgestellt haben, haben wir verschiedene Systeme entwickelt, hergestellt und weltweit installiert.<\/p><p>\u00a0<\/p><p>In den kommenden Jahren m\u00f6chten wir die Welt weiter mit unseren revolution\u00e4ren Techniken und Entwicklungen erobern.<\/p>\t\t\t\t\t\t\t\t<\/div>\n\t\t\t\t<\/div>\n\t\t\t\t\t<\/div>\n\t\t<\/div>\n\t\t\t\t<div class=\"elementor-column elementor-col-50 elementor-top-column elementor-element elementor-element-79d5996\" data-id=\"79d5996\" data-element_type=\"column\" data-e-type=\"column\">\n\t\t\t<div class=\"elementor-widget-wrap\">\n\t\t\t\t\t\t\t<\/div>\n\t\t<\/div>\n\t\t\t\t\t<\/div>\n\t\t<\/section>\n\t\t\t\t<section class=\"elementor-section elementor-top-section elementor-element elementor-element-5ce57dc elementor-section-boxed elementor-section-height-default elementor-section-height-default\" data-id=\"5ce57dc\" data-element_type=\"section\" data-e-type=\"section\">\n\t\t\t\t\t\t<div class=\"elementor-container elementor-column-gap-default\">\n\t\t\t\t\t<div class=\"elementor-column elementor-col-100 elementor-top-column elementor-element elementor-element-1c96970\" data-id=\"1c96970\" data-element_type=\"column\" data-e-type=\"column\">\n\t\t\t<div class=\"elementor-widget-wrap elementor-element-populated\">\n\t\t\t\t\t\t<div class=\"elementor-element elementor-element-aed0f9d elementor-widget elementor-widget-image\" data-id=\"aed0f9d\" data-element_type=\"widget\" data-e-type=\"widget\" data-widget_type=\"image.default\">\n\t\t\t\t<div class=\"elementor-widget-container\">\n\t\t\t\t\t\t\t\t\t\t\t\t\t\t\t\t<a href=\"https:\/\/www.vacuumcooling.com\/de\/organisation-2\/\">\n\t\t\t\t\t\t\t<img fetchpriority=\"high\" decoding=\"async\" width=\"2000\" height=\"614\" src=\"https:\/\/www.vacuumcooling.com\/wp-content\/uploads\/2020\/03\/Timeline-Verhoeven2.jpg\" class=\"attachment-full size-full wp-image-3154\" alt=\"Chronological timeline Verhoeven Family of Companies\" srcset=\"https:\/\/www.vacuumcooling.com\/wp-content\/uploads\/2020\/03\/Timeline-Verhoeven2.jpg 2000w, https:\/\/www.vacuumcooling.com\/wp-content\/uploads\/2020\/03\/Timeline-Verhoeven2-300x92.jpg 300w, https:\/\/www.vacuumcooling.com\/wp-content\/uploads\/2020\/03\/Timeline-Verhoeven2-1024x314.jpg 1024w, https:\/\/www.vacuumcooling.com\/wp-content\/uploads\/2020\/03\/Timeline-Verhoeven2-768x236.jpg 768w, https:\/\/www.vacuumcooling.com\/wp-content\/uploads\/2020\/03\/Timeline-Verhoeven2-1536x472.jpg 1536w, https:\/\/www.vacuumcooling.com\/wp-content\/uploads\/2020\/03\/Timeline-Verhoeven2-700x215.jpg 700w\" sizes=\"(max-width: 2000px) 100vw, 2000px\" \/>\t\t\t\t\t\t\t\t<\/a>\n\t\t\t\t\t\t\t\t\t\t\t\t\t\t\t<\/div>\n\t\t\t\t<\/div>\n\t\t\t\t\t<\/div>\n\t\t<\/div>\n\t\t\t\t\t<\/div>\n\t\t<\/section>\n\t\t\t\t<\/div>\n\t\t","protected":false},"excerpt":{"rendered":"<p>Geschichte Vacuum Cooling &amp; Baking blickt auf eine zeitlich gesehen kurze Geschichte zur\u00fcck, aber daf\u00fcr auf eine beeindruckende Geschichte im Hinblick auf die Ergebnisse. Die Verhoeven Bakery Equipment Family hat diesen Produktionszweig im Jahr 2014 gegr\u00fcndet. Unsere L\u00f6sungen sind nun in den Produktionslinien \u00fcber der&#8230;<\/p>\n","protected":false},"author":7,"featured_media":0,"parent":0,"menu_order":0,"comment_status":"closed","ping_status":"closed","template":"full_width.php","meta":{"footnotes":""},"class_list":["post-2211","page","type-page","status-publish","hentry"],"yoast_head":"<!-- This site is optimized with the Yoast SEO Premium plugin v27.5 (Yoast SEO v27.5) - https:\/\/yoast.com\/product\/yoast-seo-premium-wordpress\/ -->\n<title>Geschichte - Vacuum Cooling &amp; Baking Solutions<\/title>\n<meta name=\"robots\" content=\"index, follow, max-snippet:-1, max-image-preview:large, max-video-preview:-1\" \/>\n<link rel=\"canonical\" href=\"https:\/\/www.vacuumcooling.com\/de\/geschichte\/\" \/>\n<meta property=\"og:locale\" content=\"de_DE\" \/>\n<meta property=\"og:type\" content=\"article\" \/>\n<meta property=\"og:title\" content=\"Geschichte\" \/>\n<meta property=\"og:description\" content=\"Geschichte Vacuum Cooling &amp; Baking blickt auf eine zeitlich gesehen kurze Geschichte zur\u00fcck, aber daf\u00fcr auf eine beeindruckende Geschichte im Hinblick auf die Ergebnisse. Die Verhoeven Bakery Equipment Family hat diesen Produktionszweig im Jahr 2014 gegr\u00fcndet. Unsere L\u00f6sungen sind nun in den Produktionslinien \u00fcber der...\" \/>\n<meta property=\"og:url\" content=\"https:\/\/www.vacuumcooling.com\/de\/geschichte\/\" \/>\n<meta property=\"og:site_name\" content=\"Vacuum Cooling &amp; Baking Solutions\" \/>\n<meta property=\"article:modified_time\" content=\"2020-07-17T17:16:57+00:00\" \/>\n<meta property=\"og:image\" content=\"https:\/\/www.vacuumcooling.com\/wp-content\/uploads\/2020\/03\/Timeline-Verhoeven2.jpg\" \/>\n<meta name=\"twitter:card\" content=\"summary_large_image\" \/>\n<meta name=\"twitter:label1\" content=\"Gesch\u00e4tzte Lesezeit\" \/>\n\t<meta name=\"twitter:data1\" content=\"1\u00a0Minute\" \/>\n<script type=\"application\/ld+json\" class=\"yoast-schema-graph\">{\"@context\":\"https:\\\/\\\/schema.org\",\"@graph\":[{\"@type\":\"WebPage\",\"@id\":\"https:\\\/\\\/www.vacuumcooling.com\\\/de\\\/geschichte\\\/\",\"url\":\"https:\\\/\\\/www.vacuumcooling.com\\\/de\\\/geschichte\\\/\",\"name\":\"Geschichte - Vacuum Cooling &amp; Baking Solutions\",\"isPartOf\":{\"@id\":\"https:\\\/\\\/www.vacuumcooling.com\\\/#website\"},\"primaryImageOfPage\":{\"@id\":\"https:\\\/\\\/www.vacuumcooling.com\\\/de\\\/geschichte\\\/#primaryimage\"},\"image\":{\"@id\":\"https:\\\/\\\/www.vacuumcooling.com\\\/de\\\/geschichte\\\/#primaryimage\"},\"thumbnailUrl\":\"https:\\\/\\\/www.vacuumcooling.com\\\/wp-content\\\/uploads\\\/2020\\\/03\\\/Timeline-Verhoeven2.jpg\",\"datePublished\":\"2020-06-29T09:52:34+00:00\",\"dateModified\":\"2020-07-17T17:16:57+00:00\",\"breadcrumb\":{\"@id\":\"https:\\\/\\\/www.vacuumcooling.com\\\/de\\\/geschichte\\\/#breadcrumb\"},\"inLanguage\":\"de\",\"potentialAction\":[{\"@type\":\"ReadAction\",\"target\":[\"https:\\\/\\\/www.vacuumcooling.com\\\/de\\\/geschichte\\\/\"]}]},{\"@type\":\"ImageObject\",\"inLanguage\":\"de\",\"@id\":\"https:\\\/\\\/www.vacuumcooling.com\\\/de\\\/geschichte\\\/#primaryimage\",\"url\":\"https:\\\/\\\/www.vacuumcooling.com\\\/wp-content\\\/uploads\\\/2020\\\/03\\\/Timeline-Verhoeven2.jpg\",\"contentUrl\":\"https:\\\/\\\/www.vacuumcooling.com\\\/wp-content\\\/uploads\\\/2020\\\/03\\\/Timeline-Verhoeven2.jpg\"},{\"@type\":\"BreadcrumbList\",\"@id\":\"https:\\\/\\\/www.vacuumcooling.com\\\/de\\\/geschichte\\\/#breadcrumb\",\"itemListElement\":[{\"@type\":\"ListItem\",\"position\":1,\"name\":\"Home\",\"item\":\"https:\\\/\\\/www.vacuumcooling.com\\\/de\\\/\"},{\"@type\":\"ListItem\",\"position\":2,\"name\":\"Geschichte\"}]},{\"@type\":\"WebSite\",\"@id\":\"https:\\\/\\\/www.vacuumcooling.com\\\/#website\",\"url\":\"https:\\\/\\\/www.vacuumcooling.com\\\/\",\"name\":\"Vacuum Cooling &amp; Baking Solutions\",\"description\":\"Vacuum Cooling &amp; Baking Solutions\",\"potentialAction\":[{\"@type\":\"SearchAction\",\"target\":{\"@type\":\"EntryPoint\",\"urlTemplate\":\"https:\\\/\\\/www.vacuumcooling.com\\\/?s={search_term_string}\"},\"query-input\":{\"@type\":\"PropertyValueSpecification\",\"valueRequired\":true,\"valueName\":\"search_term_string\"}}],\"inLanguage\":\"de\"}]}<\/script>\n<!-- \/ Yoast SEO Premium plugin. -->","yoast_head_json":{"title":"Geschichte - Vacuum Cooling &amp; Baking Solutions","robots":{"index":"index","follow":"follow","max-snippet":"max-snippet:-1","max-image-preview":"max-image-preview:large","max-video-preview":"max-video-preview:-1"},"canonical":"https:\/\/www.vacuumcooling.com\/de\/geschichte\/","og_locale":"de_DE","og_type":"article","og_title":"Geschichte","og_description":"Geschichte Vacuum Cooling &amp; Baking blickt auf eine zeitlich gesehen kurze Geschichte zur\u00fcck, aber daf\u00fcr auf eine beeindruckende Geschichte im Hinblick auf die Ergebnisse. Die Verhoeven Bakery Equipment Family hat diesen Produktionszweig im Jahr 2014 gegr\u00fcndet. Unsere L\u00f6sungen sind nun in den Produktionslinien \u00fcber der...","og_url":"https:\/\/www.vacuumcooling.com\/de\/geschichte\/","og_site_name":"Vacuum Cooling &amp; Baking Solutions","article_modified_time":"2020-07-17T17:16:57+00:00","og_image":[{"url":"https:\/\/www.vacuumcooling.com\/wp-content\/uploads\/2020\/03\/Timeline-Verhoeven2.jpg","type":"","width":"","height":""}],"twitter_card":"summary_large_image","twitter_misc":{"Gesch\u00e4tzte Lesezeit":"1\u00a0Minute"},"schema":{"@context":"https:\/\/schema.org","@graph":[{"@type":"WebPage","@id":"https:\/\/www.vacuumcooling.com\/de\/geschichte\/","url":"https:\/\/www.vacuumcooling.com\/de\/geschichte\/","name":"Geschichte - Vacuum Cooling &amp; Baking Solutions","isPartOf":{"@id":"https:\/\/www.vacuumcooling.com\/#website"},"primaryImageOfPage":{"@id":"https:\/\/www.vacuumcooling.com\/de\/geschichte\/#primaryimage"},"image":{"@id":"https:\/\/www.vacuumcooling.com\/de\/geschichte\/#primaryimage"},"thumbnailUrl":"https:\/\/www.vacuumcooling.com\/wp-content\/uploads\/2020\/03\/Timeline-Verhoeven2.jpg","datePublished":"2020-06-29T09:52:34+00:00","dateModified":"2020-07-17T17:16:57+00:00","breadcrumb":{"@id":"https:\/\/www.vacuumcooling.com\/de\/geschichte\/#breadcrumb"},"inLanguage":"de","potentialAction":[{"@type":"ReadAction","target":["https:\/\/www.vacuumcooling.com\/de\/geschichte\/"]}]},{"@type":"ImageObject","inLanguage":"de","@id":"https:\/\/www.vacuumcooling.com\/de\/geschichte\/#primaryimage","url":"https:\/\/www.vacuumcooling.com\/wp-content\/uploads\/2020\/03\/Timeline-Verhoeven2.jpg","contentUrl":"https:\/\/www.vacuumcooling.com\/wp-content\/uploads\/2020\/03\/Timeline-Verhoeven2.jpg"},{"@type":"BreadcrumbList","@id":"https:\/\/www.vacuumcooling.com\/de\/geschichte\/#breadcrumb","itemListElement":[{"@type":"ListItem","position":1,"name":"Home","item":"https:\/\/www.vacuumcooling.com\/de\/"},{"@type":"ListItem","position":2,"name":"Geschichte"}]},{"@type":"WebSite","@id":"https:\/\/www.vacuumcooling.com\/#website","url":"https:\/\/www.vacuumcooling.com\/","name":"Vacuum Cooling &amp; Baking Solutions","description":"Vacuum Cooling &amp; Baking Solutions","potentialAction":[{"@type":"SearchAction","target":{"@type":"EntryPoint","urlTemplate":"https:\/\/www.vacuumcooling.com\/?s={search_term_string}"},"query-input":{"@type":"PropertyValueSpecification","valueRequired":true,"valueName":"search_term_string"}}],"inLanguage":"de"}]}},"_links":{"self":[{"href":"https:\/\/www.vacuumcooling.com\/de\/wp-json\/wp\/v2\/pages\/2211","targetHints":{"allow":["GET"]}}],"collection":[{"href":"https:\/\/www.vacuumcooling.com\/de\/wp-json\/wp\/v2\/pages"}],"about":[{"href":"https:\/\/www.vacuumcooling.com\/de\/wp-json\/wp\/v2\/types\/page"}],"author":[{"embeddable":true,"href":"https:\/\/www.vacuumcooling.com\/de\/wp-json\/wp\/v2\/users\/7"}],"replies":[{"embeddable":true,"href":"https:\/\/www.vacuumcooling.com\/de\/wp-json\/wp\/v2\/comments?post=2211"}],"version-history":[{"count":0,"href":"https:\/\/www.vacuumcooling.com\/de\/wp-json\/wp\/v2\/pages\/2211\/revisions"}],"wp:attachment":[{"href":"https:\/\/www.vacuumcooling.com\/de\/wp-json\/wp\/v2\/media?parent=2211"}],"curies":[{"name":"wp","href":"https:\/\/api.w.org\/{rel}","templated":true}]}}