{"id":2260,"date":"2020-06-29T09:56:27","date_gmt":"2020-06-29T09:56:27","guid":{"rendered":"https:\/\/www.vacuumcooling.com\/?page_id=2260"},"modified":"2020-07-17T17:06:32","modified_gmt":"2020-07-17T17:06:32","slug":"service-ersatzteile","status":"publish","type":"page","link":"https:\/\/www.vacuumcooling.com\/de\/service-ersatzteile\/","title":{"rendered":"Service &#038; Ersatzteile"},"content":{"rendered":"\t\t<div data-elementor-type=\"wp-page\" data-elementor-id=\"2260\" class=\"elementor elementor-2260\" data-elementor-post-type=\"page\">\n\t\t\t\t\t\t<section class=\"elementor-section elementor-top-section elementor-element elementor-element-6a7e2f4 elementor-section-boxed elementor-section-height-default elementor-section-height-default\" data-id=\"6a7e2f4\" data-element_type=\"section\" data-e-type=\"section\">\n\t\t\t\t\t\t<div class=\"elementor-container elementor-column-gap-default\">\n\t\t\t\t\t<div class=\"elementor-column elementor-col-50 elementor-top-column elementor-element elementor-element-e9a8ecb\" data-id=\"e9a8ecb\" data-element_type=\"column\" data-e-type=\"column\">\n\t\t\t<div class=\"elementor-widget-wrap elementor-element-populated\">\n\t\t\t\t\t\t<div class=\"elementor-element elementor-element-a93e7ee din elementor-widget elementor-widget-heading\" data-id=\"a93e7ee\" data-element_type=\"widget\" data-e-type=\"widget\" data-widget_type=\"heading.default\">\n\t\t\t\t<div class=\"elementor-widget-container\">\n\t\t\t\t\t<h2 class=\"elementor-heading-title elementor-size-default\">Service &amp; Ersatzteile<\/h2>\t\t\t\t<\/div>\n\t\t\t\t<\/div>\n\t\t\t\t<div class=\"elementor-element elementor-element-cd02853 elementor-widget elementor-widget-text-editor\" data-id=\"cd02853\" data-element_type=\"widget\" data-e-type=\"widget\" data-widget_type=\"text-editor.default\">\n\t\t\t\t<div class=\"elementor-widget-container\">\n\t\t\t\t\t\t\t\t\t<p>Ihre Maschinen m\u00fcssen jederzeit ohne Unterbrechung laufen. Wir verstehen wie kein anderer, dass St\u00f6rungen oder Bis auf ein Minimum beschr\u00e4nkt werden m\u00fcssen.<\/p><p>Unser Team von erfahrenen und motivierten Servicetechnikern f\u00fchrt weltweit t\u00e4glich Inspektionen, Wartungen und Reparaturen an Produktionslinien durch. Wir k\u00f6nnen Serviceleistungen f\u00fcr praktisch jede Installation anbieten und Ihnen sowohl Ratschl\u00e4ge als auch ma\u00dfgeschneiderte L\u00f6sungen anbieten, die Ihrem Budget entsprechen.<\/p><p>Die Verhoeven Unternehmensfamilie verf\u00fcgt \u00fcber eine Serviceabteilung, die rund um die Uhr einsatzbereit ist. Wenn Ihre Anlagen oder Ger\u00e4te einen sofortigen Einsatz erfordern, bieten wir eine L\u00f6sung!\u00a0 <br \/><br \/>Unsere Ersatzteilabteilung kann jedes gew\u00fcnschte Teil f\u00fcr Ihre Maschinen, Anlagen oder Produktionslinien liefern. Alle unsere Produkte sind von bester Qualit\u00e4t und gew\u00e4hrleisten die optimale Lebensdauer Ihrer Ger\u00e4te.<\/p><p>Gerne beraten wir Sie \u00fcber wichtige Ersatzteilvorr\u00e4te oder vereinbaren auf Wunsch einen Termin bei Ihnen vor Ort. Wenn Sie weitere Fragen haben, z\u00f6gern Sie nicht, Kontakt mit uns aufzunehmen \u00fcber <a href=\"mailto:service@verhoevenfamily.com\"><strong>service@verhoevenfamily.com<\/strong><\/a><\/p>\t\t\t\t\t\t\t\t<\/div>\n\t\t\t\t<\/div>\n\t\t\t\t\t<\/div>\n\t\t<\/div>\n\t\t\t\t<div class=\"elementor-column elementor-col-50 elementor-top-column elementor-element elementor-element-26771f4\" data-id=\"26771f4\" data-element_type=\"column\" data-e-type=\"column\">\n\t\t\t<div class=\"elementor-widget-wrap\">\n\t\t\t\t\t\t\t<\/div>\n\t\t<\/div>\n\t\t\t\t\t<\/div>\n\t\t<\/section>\n\t\t\t\t<section class=\"elementor-section elementor-top-section elementor-element elementor-element-55c005a elementor-section-boxed elementor-section-height-default elementor-section-height-default\" data-id=\"55c005a\" data-element_type=\"section\" data-e-type=\"section\">\n\t\t\t\t\t\t<div class=\"elementor-container elementor-column-gap-default\">\n\t\t\t\t\t<div class=\"elementor-column elementor-col-100 elementor-top-column elementor-element elementor-element-43de15c\" data-id=\"43de15c\" data-element_type=\"column\" data-e-type=\"column\">\n\t\t\t<div class=\"elementor-widget-wrap elementor-element-populated\">\n\t\t\t\t\t\t\t<\/div>\n\t\t<\/div>\n\t\t\t\t\t<\/div>\n\t\t<\/section>\n\t\t\t\t<section class=\"elementor-section elementor-top-section elementor-element elementor-element-58c5658 elementor-section-boxed elementor-section-height-default elementor-section-height-default\" data-id=\"58c5658\" data-element_type=\"section\" data-e-type=\"section\">\n\t\t\t\t\t\t<div class=\"elementor-container elementor-column-gap-default\">\n\t\t\t\t\t<div class=\"elementor-column elementor-col-100 elementor-top-column elementor-element elementor-element-d46ba06\" data-id=\"d46ba06\" data-element_type=\"column\" data-e-type=\"column\">\n\t\t\t<div class=\"elementor-widget-wrap elementor-element-populated\">\n\t\t\t\t\t\t<div class=\"elementor-element elementor-element-548e67b elementor-widget elementor-widget-spacer\" data-id=\"548e67b\" data-element_type=\"widget\" data-e-type=\"widget\" data-widget_type=\"spacer.default\">\n\t\t\t\t<div class=\"elementor-widget-container\">\n\t\t\t\t\t\t\t<div class=\"elementor-spacer\">\n\t\t\t<div class=\"elementor-spacer-inner\"><\/div>\n\t\t<\/div>\n\t\t\t\t\t\t<\/div>\n\t\t\t\t<\/div>\n\t\t\t\t\t<\/div>\n\t\t<\/div>\n\t\t\t\t\t<\/div>\n\t\t<\/section>\n\t\t\t\t<\/div>\n\t\t","protected":false},"excerpt":{"rendered":"<p>Service &#038; Ersatzteile Ihre Maschinen m\u00fcssen jederzeit ohne Unterbrechung laufen. Wir verstehen wie kein anderer, dass St\u00f6rungen oder Bis auf ein Minimum beschr\u00e4nkt werden m\u00fcssen. Unser Team von erfahrenen und motivierten Servicetechnikern f\u00fchrt weltweit t\u00e4glich Inspektionen, Wartungen und Reparaturen an Produktionslinien durch. Wir k\u00f6nnen Serviceleistungen&#8230;<\/p>\n","protected":false},"author":7,"featured_media":0,"parent":0,"menu_order":0,"comment_status":"closed","ping_status":"closed","template":"","meta":{"footnotes":""},"class_list":["post-2260","page","type-page","status-publish","hentry"],"yoast_head":"<!-- This site is optimized with the Yoast SEO Premium plugin v27.1 (Yoast SEO v27.2) - https:\/\/yoast.com\/product\/yoast-seo-premium-wordpress\/ -->\n<title>Service &amp; Ersatzteile - Vacuum Cooling &amp; Baking Solutions<\/title>\n<meta name=\"robots\" content=\"index, follow, max-snippet:-1, max-image-preview:large, max-video-preview:-1\" \/>\n<link rel=\"canonical\" href=\"https:\/\/www.vacuumcooling.com\/de\/service-ersatzteile\/\" \/>\n<meta property=\"og:locale\" content=\"de_DE\" \/>\n<meta property=\"og:type\" content=\"article\" \/>\n<meta property=\"og:title\" content=\"Service &amp; Ersatzteile\" \/>\n<meta property=\"og:description\" content=\"Service &#038; Ersatzteile Ihre Maschinen m\u00fcssen jederzeit ohne Unterbrechung laufen. Wir verstehen wie kein anderer, dass St\u00f6rungen oder Bis auf ein Minimum beschr\u00e4nkt werden m\u00fcssen. Unser Team von erfahrenen und motivierten Servicetechnikern f\u00fchrt weltweit t\u00e4glich Inspektionen, Wartungen und Reparaturen an Produktionslinien durch. Wir k\u00f6nnen Serviceleistungen...\" \/>\n<meta property=\"og:url\" content=\"https:\/\/www.vacuumcooling.com\/de\/service-ersatzteile\/\" \/>\n<meta property=\"og:site_name\" content=\"Vacuum Cooling &amp; Baking Solutions\" \/>\n<meta property=\"article:modified_time\" content=\"2020-07-17T17:06:32+00:00\" \/>\n<meta name=\"twitter:card\" content=\"summary_large_image\" \/>\n<meta name=\"twitter:label1\" content=\"Gesch\u00e4tzte Lesezeit\" \/>\n\t<meta name=\"twitter:data1\" content=\"1\u00a0Minute\" \/>\n<script type=\"application\/ld+json\" class=\"yoast-schema-graph\">{\"@context\":\"https:\/\/schema.org\",\"@graph\":[{\"@type\":\"WebPage\",\"@id\":\"https:\/\/www.vacuumcooling.com\/de\/service-ersatzteile\/\",\"url\":\"https:\/\/www.vacuumcooling.com\/de\/service-ersatzteile\/\",\"name\":\"Service & Ersatzteile - Vacuum Cooling &amp; Baking Solutions\",\"isPartOf\":{\"@id\":\"https:\/\/www.vacuumcooling.com\/#website\"},\"datePublished\":\"2020-06-29T09:56:27+00:00\",\"dateModified\":\"2020-07-17T17:06:32+00:00\",\"breadcrumb\":{\"@id\":\"https:\/\/www.vacuumcooling.com\/de\/service-ersatzteile\/#breadcrumb\"},\"inLanguage\":\"de\",\"potentialAction\":[{\"@type\":\"ReadAction\",\"target\":[\"https:\/\/www.vacuumcooling.com\/de\/service-ersatzteile\/\"]}]},{\"@type\":\"BreadcrumbList\",\"@id\":\"https:\/\/www.vacuumcooling.com\/de\/service-ersatzteile\/#breadcrumb\",\"itemListElement\":[{\"@type\":\"ListItem\",\"position\":1,\"name\":\"Home\",\"item\":\"https:\/\/www.vacuumcooling.com\/de\/\"},{\"@type\":\"ListItem\",\"position\":2,\"name\":\"Service &#038; Ersatzteile\"}]},{\"@type\":\"WebSite\",\"@id\":\"https:\/\/www.vacuumcooling.com\/#website\",\"url\":\"https:\/\/www.vacuumcooling.com\/\",\"name\":\"Vacuum Cooling &amp; Baking Solutions\",\"description\":\"Vacuum Cooling &amp; Baking Solutions\",\"potentialAction\":[{\"@type\":\"SearchAction\",\"target\":{\"@type\":\"EntryPoint\",\"urlTemplate\":\"https:\/\/www.vacuumcooling.com\/?s={search_term_string}\"},\"query-input\":{\"@type\":\"PropertyValueSpecification\",\"valueRequired\":true,\"valueName\":\"search_term_string\"}}],\"inLanguage\":\"de\"}]}<\/script>\n<!-- \/ Yoast SEO Premium plugin. -->","yoast_head_json":{"title":"Service & Ersatzteile - Vacuum Cooling &amp; Baking Solutions","robots":{"index":"index","follow":"follow","max-snippet":"max-snippet:-1","max-image-preview":"max-image-preview:large","max-video-preview":"max-video-preview:-1"},"canonical":"https:\/\/www.vacuumcooling.com\/de\/service-ersatzteile\/","og_locale":"de_DE","og_type":"article","og_title":"Service & Ersatzteile","og_description":"Service &#038; Ersatzteile Ihre Maschinen m\u00fcssen jederzeit ohne Unterbrechung laufen. Wir verstehen wie kein anderer, dass St\u00f6rungen oder Bis auf ein Minimum beschr\u00e4nkt werden m\u00fcssen. Unser Team von erfahrenen und motivierten Servicetechnikern f\u00fchrt weltweit t\u00e4glich Inspektionen, Wartungen und Reparaturen an Produktionslinien durch. Wir k\u00f6nnen Serviceleistungen...","og_url":"https:\/\/www.vacuumcooling.com\/de\/service-ersatzteile\/","og_site_name":"Vacuum Cooling &amp; Baking Solutions","article_modified_time":"2020-07-17T17:06:32+00:00","twitter_card":"summary_large_image","twitter_misc":{"Gesch\u00e4tzte Lesezeit":"1\u00a0Minute"},"schema":{"@context":"https:\/\/schema.org","@graph":[{"@type":"WebPage","@id":"https:\/\/www.vacuumcooling.com\/de\/service-ersatzteile\/","url":"https:\/\/www.vacuumcooling.com\/de\/service-ersatzteile\/","name":"Service & Ersatzteile - Vacuum Cooling &amp; Baking Solutions","isPartOf":{"@id":"https:\/\/www.vacuumcooling.com\/#website"},"datePublished":"2020-06-29T09:56:27+00:00","dateModified":"2020-07-17T17:06:32+00:00","breadcrumb":{"@id":"https:\/\/www.vacuumcooling.com\/de\/service-ersatzteile\/#breadcrumb"},"inLanguage":"de","potentialAction":[{"@type":"ReadAction","target":["https:\/\/www.vacuumcooling.com\/de\/service-ersatzteile\/"]}]},{"@type":"BreadcrumbList","@id":"https:\/\/www.vacuumcooling.com\/de\/service-ersatzteile\/#breadcrumb","itemListElement":[{"@type":"ListItem","position":1,"name":"Home","item":"https:\/\/www.vacuumcooling.com\/de\/"},{"@type":"ListItem","position":2,"name":"Service &#038; Ersatzteile"}]},{"@type":"WebSite","@id":"https:\/\/www.vacuumcooling.com\/#website","url":"https:\/\/www.vacuumcooling.com\/","name":"Vacuum Cooling &amp; Baking Solutions","description":"Vacuum Cooling &amp; Baking Solutions","potentialAction":[{"@type":"SearchAction","target":{"@type":"EntryPoint","urlTemplate":"https:\/\/www.vacuumcooling.com\/?s={search_term_string}"},"query-input":{"@type":"PropertyValueSpecification","valueRequired":true,"valueName":"search_term_string"}}],"inLanguage":"de"}]}},"_links":{"self":[{"href":"https:\/\/www.vacuumcooling.com\/de\/wp-json\/wp\/v2\/pages\/2260","targetHints":{"allow":["GET"]}}],"collection":[{"href":"https:\/\/www.vacuumcooling.com\/de\/wp-json\/wp\/v2\/pages"}],"about":[{"href":"https:\/\/www.vacuumcooling.com\/de\/wp-json\/wp\/v2\/types\/page"}],"author":[{"embeddable":true,"href":"https:\/\/www.vacuumcooling.com\/de\/wp-json\/wp\/v2\/users\/7"}],"replies":[{"embeddable":true,"href":"https:\/\/www.vacuumcooling.com\/de\/wp-json\/wp\/v2\/comments?post=2260"}],"version-history":[{"count":0,"href":"https:\/\/www.vacuumcooling.com\/de\/wp-json\/wp\/v2\/pages\/2260\/revisions"}],"wp:attachment":[{"href":"https:\/\/www.vacuumcooling.com\/de\/wp-json\/wp\/v2\/media?parent=2260"}],"curies":[{"name":"wp","href":"https:\/\/api.w.org\/{rel}","templated":true}]}}