{"id":2166,"date":"2020-06-29T09:47:58","date_gmt":"2020-06-29T09:47:58","guid":{"rendered":"https:\/\/www.vacuumcooling.com\/?page_id=2166"},"modified":"2020-07-16T10:36:37","modified_gmt":"2020-07-16T10:36:37","slug":"quienes-somos","status":"publish","type":"page","link":"https:\/\/www.vacuumcooling.com\/es\/quienes-somos\/","title":{"rendered":"Qui\u00e9nes somos"},"content":{"rendered":"\t\t<div data-elementor-type=\"wp-page\" data-elementor-id=\"2166\" class=\"elementor elementor-2166\" data-elementor-post-type=\"page\">\n\t\t\t\t\t\t<section class=\"elementor-section elementor-top-section elementor-element elementor-element-4da977d elementor-section-boxed elementor-section-height-default elementor-section-height-default\" data-id=\"4da977d\" data-element_type=\"section\" data-e-type=\"section\">\n\t\t\t\t\t\t<div class=\"elementor-container elementor-column-gap-default\">\n\t\t\t\t\t<div class=\"elementor-column elementor-col-100 elementor-top-column elementor-element elementor-element-cbd224f\" data-id=\"cbd224f\" data-element_type=\"column\" data-e-type=\"column\">\n\t\t\t<div class=\"elementor-widget-wrap elementor-element-populated\">\n\t\t\t\t\t\t<div class=\"elementor-element elementor-element-c447228 elementor-widget elementor-widget-image\" data-id=\"c447228\" data-element_type=\"widget\" data-e-type=\"widget\" data-widget_type=\"image.default\">\n\t\t\t\t<div class=\"elementor-widget-container\">\n\t\t\t\t\t\t\t\t\t\t\t\t\t\t\t<img fetchpriority=\"high\" decoding=\"async\" width=\"2400\" height=\"1070\" src=\"https:\/\/www.vacuumcooling.com\/wp-content\/uploads\/2020\/05\/pandnew-belettering-b.jpg\" class=\"attachment-full size-full wp-image-2908\" alt=\"\" srcset=\"https:\/\/www.vacuumcooling.com\/wp-content\/uploads\/2020\/05\/pandnew-belettering-b.jpg 2400w, https:\/\/www.vacuumcooling.com\/wp-content\/uploads\/2020\/05\/pandnew-belettering-b-300x134.jpg 300w, https:\/\/www.vacuumcooling.com\/wp-content\/uploads\/2020\/05\/pandnew-belettering-b-1024x457.jpg 1024w, https:\/\/www.vacuumcooling.com\/wp-content\/uploads\/2020\/05\/pandnew-belettering-b-768x342.jpg 768w, https:\/\/www.vacuumcooling.com\/wp-content\/uploads\/2020\/05\/pandnew-belettering-b-1536x685.jpg 1536w, https:\/\/www.vacuumcooling.com\/wp-content\/uploads\/2020\/05\/pandnew-belettering-b-2048x913.jpg 2048w, https:\/\/www.vacuumcooling.com\/wp-content\/uploads\/2020\/05\/pandnew-belettering-b-700x312.jpg 700w\" sizes=\"(max-width: 2400px) 100vw, 2400px\" \/>\t\t\t\t\t\t\t\t\t\t\t\t\t\t\t<\/div>\n\t\t\t\t<\/div>\n\t\t\t\t<div class=\"elementor-element elementor-element-55e5c10 din elementor-widget elementor-widget-heading\" data-id=\"55e5c10\" data-element_type=\"widget\" data-e-type=\"widget\" data-widget_type=\"heading.default\">\n\t\t\t\t<div class=\"elementor-widget-container\">\n\t\t\t\t\t<h2 class=\"elementor-heading-title elementor-size-default\">Qui\u00e9nes somos<\/h2>\t\t\t\t<\/div>\n\t\t\t\t<\/div>\n\t\t\t\t\t<\/div>\n\t\t<\/div>\n\t\t\t\t\t<\/div>\n\t\t<\/section>\n\t\t\t\t<section class=\"elementor-section elementor-top-section elementor-element elementor-element-5b95e94 elementor-section-boxed elementor-section-height-default elementor-section-height-default\" data-id=\"5b95e94\" data-element_type=\"section\" data-e-type=\"section\">\n\t\t\t\t\t\t<div class=\"elementor-container elementor-column-gap-default\">\n\t\t\t\t\t<div class=\"elementor-column elementor-col-50 elementor-top-column elementor-element elementor-element-5f18440\" data-id=\"5f18440\" data-element_type=\"column\" data-e-type=\"column\">\n\t\t\t<div class=\"elementor-widget-wrap elementor-element-populated\">\n\t\t\t\t\t\t<div class=\"elementor-element elementor-element-8667b05 elementor-widget elementor-widget-text-editor\" data-id=\"8667b05\" data-element_type=\"widget\" data-e-type=\"widget\" data-widget_type=\"text-editor.default\">\n\t\t\t\t<div class=\"elementor-widget-container\">\n\t\t\t\t\t\t\t\t\t<p>Vacuum Cooling &amp; Baking Solutions, una empresa situada en Oss &#8211; Pa\u00edses Bajos, es miembro la familia Verhoeven Bakery Equipment Family y es uno de los l\u00edderes en el \u00e1rea de sistemas de refrigeraci\u00f3n y horneado al vac\u00edo para la industria panadera.<\/p><p>\u00a0<\/p><p>Nuestros especialistas del <a href=\"https:\/\/www.vacuumcooling.com\/es\/el-equipo-v\/\">equipo V (equipo de Vacuum Cooling &amp; Baking)<\/a> son el coraz\u00f3n latente de Vacuum Cooling &amp; Baking Solutions. El equipo tiene a\u00f1os de conocimiento en el \u00e1rea de la t\u00e9cnica tanto as\u00ed como en el \u00e1rea de la tecnolog\u00eda alimentaria, lo que la hace \u00fanica, para asegurar una mejor producci\u00f3n en los mercados alimentarios mundiales. <a href=\"https:\/\/www.vacuumcooling.com\/es\/el-equipo-v\/#our-ambassadors\">Patrick Duss, \u201cMr. Vacuum\u201d<\/a>, es uno de nuestros orgullosos embajadores.<\/p><p>\u00a0<\/p><p>Tenemos clientes en varios segmentos alimentarios y no alimentarios, y panader\u00edas industriales; nos ven como el l\u00edder del mercado. Refrigeraci\u00f3n y horneado al vac\u00edo puede mejorar considerablemente la calidad y la producci\u00f3n en diferentes a\u00e9reas alimentarios, e incluso puede aportar a una prolongaci\u00f3n en la vida \u00fatil de los productos.<\/p><p>\u00a0<\/p><p>En Verhoeven Bakery Equipment Family la base de nuestra producci\u00f3n son nuestros 20 a\u00f1os de experiencia en masas y productos de masa. Aparte de eso, tambi\u00e9n tenemos 50 a\u00f1os de experiencia en el desarrollo y la producci\u00f3n de m\u00e1quinas.<\/p><p>\u00a0<\/p><p>Todas nuestras m\u00e1quinas est\u00e1n hechos a la medida, en base de sus requisititos y espacio de producci\u00f3n. Vacuum Cooling &amp; Baking Solutions puede aplicar e integrar tecnolog\u00eda de refrigeraci\u00f3n al vaci\u00f3 en escala industrial.<\/p><p>\u00a0<\/p><p>\u00bfQuiere conversar como Vacuum Cooling &amp; Baking Solutions puede aportar a su panader\u00eda industrial? \u00a1<a href=\"https:\/\/www.vacuumcooling.com\/es\/contacto\/\">Cont\u00e1ctenos hoy<\/a> mismo!<\/p>\t\t\t\t\t\t\t\t<\/div>\n\t\t\t\t<\/div>\n\t\t\t\t<div class=\"elementor-element elementor-element-7251ca9 elementor-widget elementor-widget-spacer\" data-id=\"7251ca9\" data-element_type=\"widget\" data-e-type=\"widget\" data-widget_type=\"spacer.default\">\n\t\t\t\t<div class=\"elementor-widget-container\">\n\t\t\t\t\t\t\t<div class=\"elementor-spacer\">\n\t\t\t<div class=\"elementor-spacer-inner\"><\/div>\n\t\t<\/div>\n\t\t\t\t\t\t<\/div>\n\t\t\t\t<\/div>\n\t\t\t\t\t<\/div>\n\t\t<\/div>\n\t\t\t\t<div class=\"elementor-column elementor-col-50 elementor-top-column elementor-element elementor-element-8057cd0\" data-id=\"8057cd0\" data-element_type=\"column\" data-e-type=\"column\">\n\t\t\t<div class=\"elementor-widget-wrap\">\n\t\t\t\t\t\t\t<\/div>\n\t\t<\/div>\n\t\t\t\t\t<\/div>\n\t\t<\/section>\n\t\t\t\t<section class=\"elementor-section elementor-top-section elementor-element elementor-element-90cb8aa elementor-section-boxed elementor-section-height-default elementor-section-height-default\" data-id=\"90cb8aa\" data-element_type=\"section\" data-e-type=\"section\">\n\t\t\t\t\t\t<div class=\"elementor-container elementor-column-gap-default\">\n\t\t\t\t\t<div class=\"elementor-column elementor-col-100 elementor-top-column elementor-element elementor-element-e72bfc7\" data-id=\"e72bfc7\" data-element_type=\"column\" data-e-type=\"column\">\n\t\t\t<div class=\"elementor-widget-wrap\">\n\t\t\t\t\t\t\t<\/div>\n\t\t<\/div>\n\t\t\t\t\t<\/div>\n\t\t<\/section>\n\t\t\t\t<section class=\"elementor-section elementor-top-section elementor-element elementor-element-5f8af27 elementor-section-boxed elementor-section-height-default elementor-section-height-default\" data-id=\"5f8af27\" data-element_type=\"section\" data-e-type=\"section\">\n\t\t\t\t\t\t<div class=\"elementor-container elementor-column-gap-default\">\n\t\t\t\t\t<div class=\"elementor-column elementor-col-100 elementor-top-column elementor-element elementor-element-8e8a815\" data-id=\"8e8a815\" data-element_type=\"column\" data-e-type=\"column\">\n\t\t\t<div class=\"elementor-widget-wrap elementor-element-populated\">\n\t\t\t\t\t\t<div class=\"elementor-element elementor-element-0a3b44c elementor-widget elementor-widget-image\" data-id=\"0a3b44c\" data-element_type=\"widget\" data-e-type=\"widget\" data-widget_type=\"image.default\">\n\t\t\t\t<div class=\"elementor-widget-container\">\n\t\t\t\t\t\t\t\t\t\t\t\t\t\t\t<img decoding=\"async\" width=\"1400\" height=\"297\" src=\"https:\/\/www.vacuumcooling.com\/wp-content\/uploads\/2020\/05\/slider-about-us.jpg\" class=\"attachment-full size-full wp-image-2907\" alt=\"\" srcset=\"https:\/\/www.vacuumcooling.com\/wp-content\/uploads\/2020\/05\/slider-about-us.jpg 1400w, https:\/\/www.vacuumcooling.com\/wp-content\/uploads\/2020\/05\/slider-about-us-300x64.jpg 300w, https:\/\/www.vacuumcooling.com\/wp-content\/uploads\/2020\/05\/slider-about-us-1024x217.jpg 1024w, https:\/\/www.vacuumcooling.com\/wp-content\/uploads\/2020\/05\/slider-about-us-768x163.jpg 768w, https:\/\/www.vacuumcooling.com\/wp-content\/uploads\/2020\/05\/slider-about-us-700x149.jpg 700w\" sizes=\"(max-width: 1400px) 100vw, 1400px\" \/>\t\t\t\t\t\t\t\t\t\t\t\t\t\t\t<\/div>\n\t\t\t\t<\/div>\n\t\t\t\t<div class=\"elementor-element elementor-element-e669fe6 elementor-widget elementor-widget-spacer\" data-id=\"e669fe6\" data-element_type=\"widget\" data-e-type=\"widget\" data-widget_type=\"spacer.default\">\n\t\t\t\t<div class=\"elementor-widget-container\">\n\t\t\t\t\t\t\t<div class=\"elementor-spacer\">\n\t\t\t<div class=\"elementor-spacer-inner\"><\/div>\n\t\t<\/div>\n\t\t\t\t\t\t<\/div>\n\t\t\t\t<\/div>\n\t\t\t\t\t<\/div>\n\t\t<\/div>\n\t\t\t\t\t<\/div>\n\t\t<\/section>\n\t\t\t\t<\/div>\n\t\t","protected":false},"excerpt":{"rendered":"<p>Qui\u00e9nes somos Vacuum Cooling &amp; Baking Solutions, una empresa situada en Oss &#8211; Pa\u00edses Bajos, es miembro la familia Verhoeven Bakery Equipment Family y es uno de los l\u00edderes en el \u00e1rea de sistemas de refrigeraci\u00f3n y horneado al vac\u00edo para la industria panadera. \u00a0&#8230;<\/p>\n","protected":false},"author":7,"featured_media":0,"parent":0,"menu_order":0,"comment_status":"closed","ping_status":"closed","template":"full_width.php","meta":{"footnotes":""},"class_list":["post-2166","page","type-page","status-publish","hentry"],"yoast_head":"<!-- This site is optimized with the Yoast SEO Premium plugin v27.1 (Yoast SEO v27.2) - https:\/\/yoast.com\/product\/yoast-seo-premium-wordpress\/ -->\n<title>Qui\u00e9nes somos - Vacuum Cooling &amp; Baking Solutions<\/title>\n<meta name=\"robots\" content=\"index, follow, max-snippet:-1, max-image-preview:large, max-video-preview:-1\" \/>\n<link rel=\"canonical\" href=\"https:\/\/www.vacuumcooling.com\/es\/quienes-somos\/\" \/>\n<meta property=\"og:locale\" content=\"es_ES\" \/>\n<meta property=\"og:type\" content=\"article\" \/>\n<meta property=\"og:title\" content=\"Qui\u00e9nes somos\" \/>\n<meta property=\"og:description\" content=\"Qui\u00e9nes somos Vacuum Cooling &amp; Baking Solutions, una empresa situada en Oss &#8211; Pa\u00edses Bajos, es miembro la familia Verhoeven Bakery Equipment Family y es uno de los l\u00edderes en el \u00e1rea de sistemas de refrigeraci\u00f3n y horneado al vac\u00edo para la industria panadera. \u00a0...\" \/>\n<meta property=\"og:url\" content=\"https:\/\/www.vacuumcooling.com\/es\/quienes-somos\/\" \/>\n<meta property=\"og:site_name\" content=\"Vacuum Cooling &amp; Baking Solutions\" \/>\n<meta property=\"article:modified_time\" content=\"2020-07-16T10:36:37+00:00\" \/>\n<meta property=\"og:image\" content=\"https:\/\/www.vacuumcooling.com\/wp-content\/uploads\/2020\/05\/pandnew-belettering-b.jpg\" \/>\n<meta name=\"twitter:card\" content=\"summary_large_image\" \/>\n<meta name=\"twitter:label1\" content=\"Tiempo de lectura\" \/>\n\t<meta name=\"twitter:data1\" content=\"1 minuto\" \/>\n<script type=\"application\/ld+json\" class=\"yoast-schema-graph\">{\"@context\":\"https:\/\/schema.org\",\"@graph\":[{\"@type\":\"WebPage\",\"@id\":\"https:\/\/www.vacuumcooling.com\/es\/quienes-somos\/\",\"url\":\"https:\/\/www.vacuumcooling.com\/es\/quienes-somos\/\",\"name\":\"Qui\u00e9nes somos - Vacuum Cooling &amp; Baking Solutions\",\"isPartOf\":{\"@id\":\"https:\/\/www.vacuumcooling.com\/#website\"},\"primaryImageOfPage\":{\"@id\":\"https:\/\/www.vacuumcooling.com\/es\/quienes-somos\/#primaryimage\"},\"image\":{\"@id\":\"https:\/\/www.vacuumcooling.com\/es\/quienes-somos\/#primaryimage\"},\"thumbnailUrl\":\"https:\/\/www.vacuumcooling.com\/wp-content\/uploads\/2020\/05\/pandnew-belettering-b.jpg\",\"datePublished\":\"2020-06-29T09:47:58+00:00\",\"dateModified\":\"2020-07-16T10:36:37+00:00\",\"breadcrumb\":{\"@id\":\"https:\/\/www.vacuumcooling.com\/es\/quienes-somos\/#breadcrumb\"},\"inLanguage\":\"es\",\"potentialAction\":[{\"@type\":\"ReadAction\",\"target\":[\"https:\/\/www.vacuumcooling.com\/es\/quienes-somos\/\"]}]},{\"@type\":\"ImageObject\",\"inLanguage\":\"es\",\"@id\":\"https:\/\/www.vacuumcooling.com\/es\/quienes-somos\/#primaryimage\",\"url\":\"https:\/\/www.vacuumcooling.com\/wp-content\/uploads\/2020\/05\/pandnew-belettering-b.jpg\",\"contentUrl\":\"https:\/\/www.vacuumcooling.com\/wp-content\/uploads\/2020\/05\/pandnew-belettering-b.jpg\"},{\"@type\":\"BreadcrumbList\",\"@id\":\"https:\/\/www.vacuumcooling.com\/es\/quienes-somos\/#breadcrumb\",\"itemListElement\":[{\"@type\":\"ListItem\",\"position\":1,\"name\":\"Home\",\"item\":\"https:\/\/www.vacuumcooling.com\/es\/\"},{\"@type\":\"ListItem\",\"position\":2,\"name\":\"Qui\u00e9nes somos\"}]},{\"@type\":\"WebSite\",\"@id\":\"https:\/\/www.vacuumcooling.com\/#website\",\"url\":\"https:\/\/www.vacuumcooling.com\/\",\"name\":\"Vacuum Cooling &amp; Baking Solutions\",\"description\":\"Vacuum Cooling &amp; Baking Solutions\",\"potentialAction\":[{\"@type\":\"SearchAction\",\"target\":{\"@type\":\"EntryPoint\",\"urlTemplate\":\"https:\/\/www.vacuumcooling.com\/?s={search_term_string}\"},\"query-input\":{\"@type\":\"PropertyValueSpecification\",\"valueRequired\":true,\"valueName\":\"search_term_string\"}}],\"inLanguage\":\"es\"}]}<\/script>\n<!-- \/ Yoast SEO Premium plugin. -->","yoast_head_json":{"title":"Qui\u00e9nes somos - Vacuum Cooling &amp; Baking Solutions","robots":{"index":"index","follow":"follow","max-snippet":"max-snippet:-1","max-image-preview":"max-image-preview:large","max-video-preview":"max-video-preview:-1"},"canonical":"https:\/\/www.vacuumcooling.com\/es\/quienes-somos\/","og_locale":"es_ES","og_type":"article","og_title":"Qui\u00e9nes somos","og_description":"Qui\u00e9nes somos Vacuum Cooling &amp; Baking Solutions, una empresa situada en Oss &#8211; Pa\u00edses Bajos, es miembro la familia Verhoeven Bakery Equipment Family y es uno de los l\u00edderes en el \u00e1rea de sistemas de refrigeraci\u00f3n y horneado al vac\u00edo para la industria panadera. \u00a0...","og_url":"https:\/\/www.vacuumcooling.com\/es\/quienes-somos\/","og_site_name":"Vacuum Cooling &amp; Baking Solutions","article_modified_time":"2020-07-16T10:36:37+00:00","og_image":[{"url":"https:\/\/www.vacuumcooling.com\/wp-content\/uploads\/2020\/05\/pandnew-belettering-b.jpg","type":"","width":"","height":""}],"twitter_card":"summary_large_image","twitter_misc":{"Tiempo de lectura":"1 minuto"},"schema":{"@context":"https:\/\/schema.org","@graph":[{"@type":"WebPage","@id":"https:\/\/www.vacuumcooling.com\/es\/quienes-somos\/","url":"https:\/\/www.vacuumcooling.com\/es\/quienes-somos\/","name":"Qui\u00e9nes somos - Vacuum Cooling &amp; Baking Solutions","isPartOf":{"@id":"https:\/\/www.vacuumcooling.com\/#website"},"primaryImageOfPage":{"@id":"https:\/\/www.vacuumcooling.com\/es\/quienes-somos\/#primaryimage"},"image":{"@id":"https:\/\/www.vacuumcooling.com\/es\/quienes-somos\/#primaryimage"},"thumbnailUrl":"https:\/\/www.vacuumcooling.com\/wp-content\/uploads\/2020\/05\/pandnew-belettering-b.jpg","datePublished":"2020-06-29T09:47:58+00:00","dateModified":"2020-07-16T10:36:37+00:00","breadcrumb":{"@id":"https:\/\/www.vacuumcooling.com\/es\/quienes-somos\/#breadcrumb"},"inLanguage":"es","potentialAction":[{"@type":"ReadAction","target":["https:\/\/www.vacuumcooling.com\/es\/quienes-somos\/"]}]},{"@type":"ImageObject","inLanguage":"es","@id":"https:\/\/www.vacuumcooling.com\/es\/quienes-somos\/#primaryimage","url":"https:\/\/www.vacuumcooling.com\/wp-content\/uploads\/2020\/05\/pandnew-belettering-b.jpg","contentUrl":"https:\/\/www.vacuumcooling.com\/wp-content\/uploads\/2020\/05\/pandnew-belettering-b.jpg"},{"@type":"BreadcrumbList","@id":"https:\/\/www.vacuumcooling.com\/es\/quienes-somos\/#breadcrumb","itemListElement":[{"@type":"ListItem","position":1,"name":"Home","item":"https:\/\/www.vacuumcooling.com\/es\/"},{"@type":"ListItem","position":2,"name":"Qui\u00e9nes somos"}]},{"@type":"WebSite","@id":"https:\/\/www.vacuumcooling.com\/#website","url":"https:\/\/www.vacuumcooling.com\/","name":"Vacuum Cooling &amp; Baking Solutions","description":"Vacuum Cooling &amp; Baking Solutions","potentialAction":[{"@type":"SearchAction","target":{"@type":"EntryPoint","urlTemplate":"https:\/\/www.vacuumcooling.com\/?s={search_term_string}"},"query-input":{"@type":"PropertyValueSpecification","valueRequired":true,"valueName":"search_term_string"}}],"inLanguage":"es"}]}},"_links":{"self":[{"href":"https:\/\/www.vacuumcooling.com\/es\/wp-json\/wp\/v2\/pages\/2166","targetHints":{"allow":["GET"]}}],"collection":[{"href":"https:\/\/www.vacuumcooling.com\/es\/wp-json\/wp\/v2\/pages"}],"about":[{"href":"https:\/\/www.vacuumcooling.com\/es\/wp-json\/wp\/v2\/types\/page"}],"author":[{"embeddable":true,"href":"https:\/\/www.vacuumcooling.com\/es\/wp-json\/wp\/v2\/users\/7"}],"replies":[{"embeddable":true,"href":"https:\/\/www.vacuumcooling.com\/es\/wp-json\/wp\/v2\/comments?post=2166"}],"version-history":[{"count":0,"href":"https:\/\/www.vacuumcooling.com\/es\/wp-json\/wp\/v2\/pages\/2166\/revisions"}],"wp:attachment":[{"href":"https:\/\/www.vacuumcooling.com\/es\/wp-json\/wp\/v2\/media?parent=2166"}],"curies":[{"name":"wp","href":"https:\/\/api.w.org\/{rel}","templated":true}]}}