{"id":2213,"date":"2020-06-29T09:52:31","date_gmt":"2020-06-29T09:52:31","guid":{"rendered":"https:\/\/www.vacuumcooling.com\/?page_id=2213"},"modified":"2020-07-16T10:10:40","modified_gmt":"2020-07-16T10:10:40","slug":"historia","status":"publish","type":"page","link":"https:\/\/www.vacuumcooling.com\/es\/historia\/","title":{"rendered":"Historia"},"content":{"rendered":"\t\t<div data-elementor-type=\"wp-page\" data-elementor-id=\"2213\" class=\"elementor elementor-2213\" data-elementor-post-type=\"page\">\n\t\t\t\t\t\t<section class=\"elementor-section elementor-top-section elementor-element elementor-element-806836c elementor-section-boxed elementor-section-height-default elementor-section-height-default\" data-id=\"806836c\" data-element_type=\"section\" data-e-type=\"section\">\n\t\t\t\t\t\t<div class=\"elementor-container elementor-column-gap-default\">\n\t\t\t\t\t<div class=\"elementor-column elementor-col-100 elementor-top-column elementor-element elementor-element-5ec3ca4\" data-id=\"5ec3ca4\" data-element_type=\"column\" data-e-type=\"column\">\n\t\t\t<div class=\"elementor-widget-wrap elementor-element-populated\">\n\t\t\t\t\t\t<div class=\"elementor-element elementor-element-a93e7ee din elementor-widget elementor-widget-heading\" data-id=\"a93e7ee\" data-element_type=\"widget\" data-e-type=\"widget\" data-widget_type=\"heading.default\">\n\t\t\t\t<div class=\"elementor-widget-container\">\n\t\t\t\t\t<h2 class=\"elementor-heading-title elementor-size-default\"> Historia<\/h2>\t\t\t\t<\/div>\n\t\t\t\t<\/div>\n\t\t\t\t\t<\/div>\n\t\t<\/div>\n\t\t\t\t\t<\/div>\n\t\t<\/section>\n\t\t\t\t<section class=\"elementor-section elementor-top-section elementor-element elementor-element-ff0abe7 elementor-section-boxed elementor-section-height-default elementor-section-height-default\" data-id=\"ff0abe7\" data-element_type=\"section\" data-e-type=\"section\">\n\t\t\t\t\t\t<div class=\"elementor-container elementor-column-gap-default\">\n\t\t\t\t\t<div class=\"elementor-column elementor-col-50 elementor-top-column elementor-element elementor-element-3293b56\" data-id=\"3293b56\" data-element_type=\"column\" data-e-type=\"column\">\n\t\t\t<div class=\"elementor-widget-wrap elementor-element-populated\">\n\t\t\t\t\t\t<div class=\"elementor-element elementor-element-c7ccad1 elementor-widget elementor-widget-text-editor\" data-id=\"c7ccad1\" data-element_type=\"widget\" data-e-type=\"widget\" data-widget_type=\"text-editor.default\">\n\t\t\t\t<div class=\"elementor-widget-container\">\n\t\t\t\t\t\t\t\t\t<p>Vacuum Cooling and Baking tiene una historia corta en cuanto a tiempo, pero una historia impresionante en cuanto a resultados. Verhoeven Bakery Equipment Family ha creado este grupo de productos en el 2014. Nuestras soluciones tambi\u00e9n han sido incorporadas en las l\u00edneas de productos a nivel mundial.<\/p><p>Somos el l\u00edder de mercado en la industria panadera. En Vacuum Cooling and Baking combinamos conocimiento tecnol\u00f3gico superior, con m\u00e1quinas que han sido producidas seg\u00fan los est\u00e1ndares de calidad m\u00e1s altas y testeadas por durabilidad con tecnolog\u00eda desarrollada por la NASA.<\/p><p>\u00a0<\/p><p>A partir de 1970 la industria panadera comenz\u00f3 a aplicar en peque\u00f1a escala la t\u00e9cnica de refrigeraci\u00f3n al vac\u00edo, pero estos sistemas eran muy costosos y los resultados no eran consistentes.<\/p><p>Al comienzo del siglo bajaron los costos de los sistemas de refrigeraci\u00f3n al vaci\u00f3 y aumento su fiabilidad.<\/p><p>\u00a0<\/p><p>A final del 2013 Verhoeven Bakery Equipment Family reacciono a esta tendencia con nuestra nueva empresa: Vacuum Cooling and Baking Solutions. Desde este entonces hemos incorporado el sistema de refrigeraci\u00f3n al porfolio de nuestros productos y lo proveemos aparte de nuestras otras soluciones de refrigeraci\u00f3n. En el transcurso de los a\u00f1os hemos trabajado de modo continuo en el desarrollo de los productos. Desde que en marzo del 2014 introducimos nuestra c\u00e1mara de lotes y el sistema de flujo continuo durante el Europain en Par\u00eds, hemos desarrollado, producido e instalado diferentes sistemas a nivel mundial.<\/p><p>\u00a0<\/p><p>Los pr\u00f3ximos a\u00f1os queremos seguir conquistando el mundo con nuestras t\u00e9cnicas y desarrollos revolucionarios.<\/p>\t\t\t\t\t\t\t\t<\/div>\n\t\t\t\t<\/div>\n\t\t\t\t\t<\/div>\n\t\t<\/div>\n\t\t\t\t<div class=\"elementor-column elementor-col-50 elementor-top-column elementor-element elementor-element-79d5996\" data-id=\"79d5996\" data-element_type=\"column\" data-e-type=\"column\">\n\t\t\t<div class=\"elementor-widget-wrap\">\n\t\t\t\t\t\t\t<\/div>\n\t\t<\/div>\n\t\t\t\t\t<\/div>\n\t\t<\/section>\n\t\t\t\t<section class=\"elementor-section elementor-top-section elementor-element elementor-element-5ce57dc elementor-section-boxed elementor-section-height-default elementor-section-height-default\" data-id=\"5ce57dc\" data-element_type=\"section\" data-e-type=\"section\">\n\t\t\t\t\t\t<div class=\"elementor-container elementor-column-gap-default\">\n\t\t\t\t\t<div class=\"elementor-column elementor-col-100 elementor-top-column elementor-element elementor-element-1c96970\" data-id=\"1c96970\" data-element_type=\"column\" data-e-type=\"column\">\n\t\t\t<div class=\"elementor-widget-wrap elementor-element-populated\">\n\t\t\t\t\t\t<div class=\"elementor-element elementor-element-aed0f9d elementor-widget elementor-widget-image\" data-id=\"aed0f9d\" data-element_type=\"widget\" data-e-type=\"widget\" data-widget_type=\"image.default\">\n\t\t\t\t<div class=\"elementor-widget-container\">\n\t\t\t\t\t\t\t\t\t\t\t\t\t\t\t\t<a href=\"https:\/\/www.vacuumcooling.com\/es\/organizacion\/\">\n\t\t\t\t\t\t\t<img fetchpriority=\"high\" decoding=\"async\" width=\"2000\" height=\"614\" src=\"https:\/\/www.vacuumcooling.com\/wp-content\/uploads\/2020\/03\/Timeline-Verhoeven2.jpg\" class=\"attachment-full size-full wp-image-2869\" alt=\"Chronological timeline Verhoeven Family of Companies\" srcset=\"https:\/\/www.vacuumcooling.com\/wp-content\/uploads\/2020\/03\/Timeline-Verhoeven2.jpg 2000w, https:\/\/www.vacuumcooling.com\/wp-content\/uploads\/2020\/03\/Timeline-Verhoeven2-300x92.jpg 300w, https:\/\/www.vacuumcooling.com\/wp-content\/uploads\/2020\/03\/Timeline-Verhoeven2-1024x314.jpg 1024w, https:\/\/www.vacuumcooling.com\/wp-content\/uploads\/2020\/03\/Timeline-Verhoeven2-768x236.jpg 768w, https:\/\/www.vacuumcooling.com\/wp-content\/uploads\/2020\/03\/Timeline-Verhoeven2-1536x472.jpg 1536w, https:\/\/www.vacuumcooling.com\/wp-content\/uploads\/2020\/03\/Timeline-Verhoeven2-700x215.jpg 700w\" sizes=\"(max-width: 2000px) 100vw, 2000px\" \/>\t\t\t\t\t\t\t\t<\/a>\n\t\t\t\t\t\t\t\t\t\t\t\t\t\t\t<\/div>\n\t\t\t\t<\/div>\n\t\t\t\t\t<\/div>\n\t\t<\/div>\n\t\t\t\t\t<\/div>\n\t\t<\/section>\n\t\t\t\t<\/div>\n\t\t","protected":false},"excerpt":{"rendered":"<p>Historia Vacuum Cooling and Baking tiene una historia corta en cuanto a tiempo, pero una historia impresionante en cuanto a resultados. Verhoeven Bakery Equipment Family ha creado este grupo de productos en el 2014. Nuestras soluciones tambi\u00e9n han sido incorporadas en las l\u00edneas de productos&#8230;<\/p>\n","protected":false},"author":7,"featured_media":0,"parent":0,"menu_order":0,"comment_status":"closed","ping_status":"closed","template":"full_width.php","meta":{"footnotes":""},"class_list":["post-2213","page","type-page","status-publish","hentry"],"yoast_head":"<!-- This site is optimized with the Yoast SEO Premium plugin v27.5 (Yoast SEO v27.5) - https:\/\/yoast.com\/product\/yoast-seo-premium-wordpress\/ -->\n<title>Historia - Vacuum Cooling &amp; Baking Solutions<\/title>\n<meta name=\"robots\" content=\"index, follow, max-snippet:-1, max-image-preview:large, max-video-preview:-1\" \/>\n<link rel=\"canonical\" href=\"https:\/\/www.vacuumcooling.com\/es\/historia\/\" \/>\n<meta property=\"og:locale\" content=\"es_ES\" \/>\n<meta property=\"og:type\" content=\"article\" \/>\n<meta property=\"og:title\" content=\"Historia\" \/>\n<meta property=\"og:description\" content=\"Historia Vacuum Cooling and Baking tiene una historia corta en cuanto a tiempo, pero una historia impresionante en cuanto a resultados. Verhoeven Bakery Equipment Family ha creado este grupo de productos en el 2014. Nuestras soluciones tambi\u00e9n han sido incorporadas en las l\u00edneas de productos...\" \/>\n<meta property=\"og:url\" content=\"https:\/\/www.vacuumcooling.com\/es\/historia\/\" \/>\n<meta property=\"og:site_name\" content=\"Vacuum Cooling &amp; Baking Solutions\" \/>\n<meta property=\"article:modified_time\" content=\"2020-07-16T10:10:40+00:00\" \/>\n<meta property=\"og:image\" content=\"https:\/\/www.vacuumcooling.com\/wp-content\/uploads\/2020\/03\/Timeline-Verhoeven2.jpg\" \/>\n<meta name=\"twitter:card\" content=\"summary_large_image\" \/>\n<meta name=\"twitter:label1\" content=\"Tiempo de lectura\" \/>\n\t<meta name=\"twitter:data1\" content=\"1 minuto\" \/>\n<script type=\"application\/ld+json\" class=\"yoast-schema-graph\">{\"@context\":\"https:\\\/\\\/schema.org\",\"@graph\":[{\"@type\":\"WebPage\",\"@id\":\"https:\\\/\\\/www.vacuumcooling.com\\\/es\\\/historia\\\/\",\"url\":\"https:\\\/\\\/www.vacuumcooling.com\\\/es\\\/historia\\\/\",\"name\":\"Historia - Vacuum Cooling &amp; Baking Solutions\",\"isPartOf\":{\"@id\":\"https:\\\/\\\/www.vacuumcooling.com\\\/#website\"},\"primaryImageOfPage\":{\"@id\":\"https:\\\/\\\/www.vacuumcooling.com\\\/es\\\/historia\\\/#primaryimage\"},\"image\":{\"@id\":\"https:\\\/\\\/www.vacuumcooling.com\\\/es\\\/historia\\\/#primaryimage\"},\"thumbnailUrl\":\"https:\\\/\\\/www.vacuumcooling.com\\\/wp-content\\\/uploads\\\/2020\\\/03\\\/Timeline-Verhoeven2.jpg\",\"datePublished\":\"2020-06-29T09:52:31+00:00\",\"dateModified\":\"2020-07-16T10:10:40+00:00\",\"breadcrumb\":{\"@id\":\"https:\\\/\\\/www.vacuumcooling.com\\\/es\\\/historia\\\/#breadcrumb\"},\"inLanguage\":\"es\",\"potentialAction\":[{\"@type\":\"ReadAction\",\"target\":[\"https:\\\/\\\/www.vacuumcooling.com\\\/es\\\/historia\\\/\"]}]},{\"@type\":\"ImageObject\",\"inLanguage\":\"es\",\"@id\":\"https:\\\/\\\/www.vacuumcooling.com\\\/es\\\/historia\\\/#primaryimage\",\"url\":\"https:\\\/\\\/www.vacuumcooling.com\\\/wp-content\\\/uploads\\\/2020\\\/03\\\/Timeline-Verhoeven2.jpg\",\"contentUrl\":\"https:\\\/\\\/www.vacuumcooling.com\\\/wp-content\\\/uploads\\\/2020\\\/03\\\/Timeline-Verhoeven2.jpg\"},{\"@type\":\"BreadcrumbList\",\"@id\":\"https:\\\/\\\/www.vacuumcooling.com\\\/es\\\/historia\\\/#breadcrumb\",\"itemListElement\":[{\"@type\":\"ListItem\",\"position\":1,\"name\":\"Home\",\"item\":\"https:\\\/\\\/www.vacuumcooling.com\\\/es\\\/\"},{\"@type\":\"ListItem\",\"position\":2,\"name\":\"Historia\"}]},{\"@type\":\"WebSite\",\"@id\":\"https:\\\/\\\/www.vacuumcooling.com\\\/#website\",\"url\":\"https:\\\/\\\/www.vacuumcooling.com\\\/\",\"name\":\"Vacuum Cooling &amp; Baking Solutions\",\"description\":\"Vacuum Cooling &amp; Baking Solutions\",\"potentialAction\":[{\"@type\":\"SearchAction\",\"target\":{\"@type\":\"EntryPoint\",\"urlTemplate\":\"https:\\\/\\\/www.vacuumcooling.com\\\/?s={search_term_string}\"},\"query-input\":{\"@type\":\"PropertyValueSpecification\",\"valueRequired\":true,\"valueName\":\"search_term_string\"}}],\"inLanguage\":\"es\"}]}<\/script>\n<!-- \/ Yoast SEO Premium plugin. -->","yoast_head_json":{"title":"Historia - Vacuum Cooling &amp; Baking Solutions","robots":{"index":"index","follow":"follow","max-snippet":"max-snippet:-1","max-image-preview":"max-image-preview:large","max-video-preview":"max-video-preview:-1"},"canonical":"https:\/\/www.vacuumcooling.com\/es\/historia\/","og_locale":"es_ES","og_type":"article","og_title":"Historia","og_description":"Historia Vacuum Cooling and Baking tiene una historia corta en cuanto a tiempo, pero una historia impresionante en cuanto a resultados. Verhoeven Bakery Equipment Family ha creado este grupo de productos en el 2014. Nuestras soluciones tambi\u00e9n han sido incorporadas en las l\u00edneas de productos...","og_url":"https:\/\/www.vacuumcooling.com\/es\/historia\/","og_site_name":"Vacuum Cooling &amp; Baking Solutions","article_modified_time":"2020-07-16T10:10:40+00:00","og_image":[{"url":"https:\/\/www.vacuumcooling.com\/wp-content\/uploads\/2020\/03\/Timeline-Verhoeven2.jpg","type":"","width":"","height":""}],"twitter_card":"summary_large_image","twitter_misc":{"Tiempo de lectura":"1 minuto"},"schema":{"@context":"https:\/\/schema.org","@graph":[{"@type":"WebPage","@id":"https:\/\/www.vacuumcooling.com\/es\/historia\/","url":"https:\/\/www.vacuumcooling.com\/es\/historia\/","name":"Historia - Vacuum Cooling &amp; Baking Solutions","isPartOf":{"@id":"https:\/\/www.vacuumcooling.com\/#website"},"primaryImageOfPage":{"@id":"https:\/\/www.vacuumcooling.com\/es\/historia\/#primaryimage"},"image":{"@id":"https:\/\/www.vacuumcooling.com\/es\/historia\/#primaryimage"},"thumbnailUrl":"https:\/\/www.vacuumcooling.com\/wp-content\/uploads\/2020\/03\/Timeline-Verhoeven2.jpg","datePublished":"2020-06-29T09:52:31+00:00","dateModified":"2020-07-16T10:10:40+00:00","breadcrumb":{"@id":"https:\/\/www.vacuumcooling.com\/es\/historia\/#breadcrumb"},"inLanguage":"es","potentialAction":[{"@type":"ReadAction","target":["https:\/\/www.vacuumcooling.com\/es\/historia\/"]}]},{"@type":"ImageObject","inLanguage":"es","@id":"https:\/\/www.vacuumcooling.com\/es\/historia\/#primaryimage","url":"https:\/\/www.vacuumcooling.com\/wp-content\/uploads\/2020\/03\/Timeline-Verhoeven2.jpg","contentUrl":"https:\/\/www.vacuumcooling.com\/wp-content\/uploads\/2020\/03\/Timeline-Verhoeven2.jpg"},{"@type":"BreadcrumbList","@id":"https:\/\/www.vacuumcooling.com\/es\/historia\/#breadcrumb","itemListElement":[{"@type":"ListItem","position":1,"name":"Home","item":"https:\/\/www.vacuumcooling.com\/es\/"},{"@type":"ListItem","position":2,"name":"Historia"}]},{"@type":"WebSite","@id":"https:\/\/www.vacuumcooling.com\/#website","url":"https:\/\/www.vacuumcooling.com\/","name":"Vacuum Cooling &amp; Baking Solutions","description":"Vacuum Cooling &amp; Baking Solutions","potentialAction":[{"@type":"SearchAction","target":{"@type":"EntryPoint","urlTemplate":"https:\/\/www.vacuumcooling.com\/?s={search_term_string}"},"query-input":{"@type":"PropertyValueSpecification","valueRequired":true,"valueName":"search_term_string"}}],"inLanguage":"es"}]}},"_links":{"self":[{"href":"https:\/\/www.vacuumcooling.com\/es\/wp-json\/wp\/v2\/pages\/2213","targetHints":{"allow":["GET"]}}],"collection":[{"href":"https:\/\/www.vacuumcooling.com\/es\/wp-json\/wp\/v2\/pages"}],"about":[{"href":"https:\/\/www.vacuumcooling.com\/es\/wp-json\/wp\/v2\/types\/page"}],"author":[{"embeddable":true,"href":"https:\/\/www.vacuumcooling.com\/es\/wp-json\/wp\/v2\/users\/7"}],"replies":[{"embeddable":true,"href":"https:\/\/www.vacuumcooling.com\/es\/wp-json\/wp\/v2\/comments?post=2213"}],"version-history":[{"count":0,"href":"https:\/\/www.vacuumcooling.com\/es\/wp-json\/wp\/v2\/pages\/2213\/revisions"}],"wp:attachment":[{"href":"https:\/\/www.vacuumcooling.com\/es\/wp-json\/wp\/v2\/media?parent=2213"}],"curies":[{"name":"wp","href":"https:\/\/api.w.org\/{rel}","templated":true}]}}