{"id":2288,"date":"2020-06-29T09:59:18","date_gmt":"2020-06-29T09:59:18","guid":{"rendered":"https:\/\/www.vacuumcooling.com\/?page_id=2288"},"modified":"2020-07-16T10:38:27","modified_gmt":"2020-07-16T10:38:27","slug":"panificacora-de-pruebas","status":"publish","type":"page","link":"https:\/\/www.vacuumcooling.com\/es\/panificacora-de-pruebas\/","title":{"rendered":"Panificacora de pruebas"},"content":{"rendered":"\t\t<div data-elementor-type=\"wp-page\" data-elementor-id=\"2288\" class=\"elementor elementor-2288\" data-elementor-post-type=\"page\">\n\t\t\t\t\t\t<section class=\"elementor-section elementor-top-section elementor-element elementor-element-806836c elementor-section-boxed elementor-section-height-default elementor-section-height-default\" data-id=\"806836c\" data-element_type=\"section\" data-e-type=\"section\">\n\t\t\t\t\t\t<div class=\"elementor-container elementor-column-gap-default\">\n\t\t\t\t\t<div class=\"elementor-column elementor-col-100 elementor-top-column elementor-element elementor-element-5ec3ca4\" data-id=\"5ec3ca4\" data-element_type=\"column\" data-e-type=\"column\">\n\t\t\t<div class=\"elementor-widget-wrap elementor-element-populated\">\n\t\t\t\t\t\t<div class=\"elementor-element elementor-element-a93e7ee din elementor-widget elementor-widget-heading\" data-id=\"a93e7ee\" data-element_type=\"widget\" data-e-type=\"widget\" data-widget_type=\"heading.default\">\n\t\t\t\t<div class=\"elementor-widget-container\">\n\t\t\t\t\t<h2 class=\"elementor-heading-title elementor-size-default\">Instalaciones de pruebas<\/h2>\t\t\t\t<\/div>\n\t\t\t\t<\/div>\n\t\t\t\t\t<\/div>\n\t\t<\/div>\n\t\t\t\t\t<\/div>\n\t\t<\/section>\n\t\t\t\t<section class=\"elementor-section elementor-top-section elementor-element elementor-element-a971548 elementor-section-boxed elementor-section-height-default elementor-section-height-default\" data-id=\"a971548\" data-element_type=\"section\" data-e-type=\"section\">\n\t\t\t\t\t\t<div class=\"elementor-container elementor-column-gap-default\">\n\t\t\t\t\t<div class=\"elementor-column elementor-col-50 elementor-top-column elementor-element elementor-element-f242964\" data-id=\"f242964\" data-element_type=\"column\" data-e-type=\"column\">\n\t\t\t<div class=\"elementor-widget-wrap elementor-element-populated\">\n\t\t\t\t\t\t<div class=\"elementor-element elementor-element-6e30b96 elementor-widget elementor-widget-text-editor\" data-id=\"6e30b96\" data-element_type=\"widget\" data-e-type=\"widget\" data-widget_type=\"text-editor.default\">\n\t\t\t\t<div class=\"elementor-widget-container\">\n\t\t\t\t\t\t\t\t\t<p>Para garantizar los buenos resultados de refrigeraci\u00f3n y horneado al vac\u00edo son de vital importancia la combinaci\u00f3n de la mejor t\u00e9cnica, conocimiento tecnol\u00f3gico superior y no menos importante la elecci\u00f3n para la receta m\u00e1s apta. Queremos compartir nuestras experiencias con usted y con gusto testeamos sus productos con la ayuda de nuestra \u00faltima tecnolog\u00eda. Nuestros experimentados maestros panaderos saben c\u00f3mo trabajar junto con usted para mejorar el resultado final. Para lograr eso, necesitamos su opini\u00f3n y queremos conocer lo que ustedes esperan. Su receta es la base: es lo que usted lleva tiempo perfeccionando y del cual est\u00e1 orgulloso. Durante el proceso de testeo buscamos la mejor combinaci\u00f3n entre sus recetas y el uso de refrigeraci\u00f3n y horneado al vac\u00edo. En algunos casos hemos aconsejado ciertos ajustes a las detalles de la receta para lograr un resultado a\u00fan mejor.<\/p><p>\u00a0<\/p><p>Es nuestro objetivo trabajar junto con usted, llevar sus productos a nuevas alturas y superar los requisitos de calidad. \u00bfQuiere realizar un test juntos con nuestros maestros panaderos en las instalaciones de prueba? <a href=\"https:\/\/www.vacuumcooling.com\/es\/contacto\/\">Cont\u00e1ctese<\/a> con nosotros para conversar las posibilidades.<\/p>\t\t\t\t\t\t\t\t<\/div>\n\t\t\t\t<\/div>\n\t\t\t\t\t<\/div>\n\t\t<\/div>\n\t\t\t\t<div class=\"elementor-column elementor-col-50 elementor-top-column elementor-element elementor-element-2b3cf4e\" data-id=\"2b3cf4e\" data-element_type=\"column\" data-e-type=\"column\">\n\t\t\t<div class=\"elementor-widget-wrap\">\n\t\t\t\t\t\t\t<\/div>\n\t\t<\/div>\n\t\t\t\t\t<\/div>\n\t\t<\/section>\n\t\t\t\t<section class=\"elementor-section elementor-top-section elementor-element elementor-element-3ce1a9b elementor-section-boxed elementor-section-height-default elementor-section-height-default\" data-id=\"3ce1a9b\" data-element_type=\"section\" data-e-type=\"section\">\n\t\t\t\t\t\t<div class=\"elementor-container elementor-column-gap-default\">\n\t\t\t\t\t<div class=\"elementor-column elementor-col-100 elementor-top-column elementor-element elementor-element-34a006d\" data-id=\"34a006d\" data-element_type=\"column\" data-e-type=\"column\">\n\t\t\t<div class=\"elementor-widget-wrap elementor-element-populated\">\n\t\t\t\t\t\t<div class=\"elementor-element elementor-element-abd8587 elementor-widget elementor-widget-image\" data-id=\"abd8587\" data-element_type=\"widget\" data-e-type=\"widget\" data-widget_type=\"image.default\">\n\t\t\t\t<div class=\"elementor-widget-container\">\n\t\t\t\t\t\t\t\t\t\t\t\t\t\t\t<img fetchpriority=\"high\" decoding=\"async\" width=\"2500\" height=\"530\" src=\"https:\/\/www.vacuumcooling.com\/wp-content\/uploads\/2020\/05\/test-bakery.jpg\" class=\"attachment-full size-full wp-image-2918\" alt=\"Test bakery\" srcset=\"https:\/\/www.vacuumcooling.com\/wp-content\/uploads\/2020\/05\/test-bakery.jpg 2500w, https:\/\/www.vacuumcooling.com\/wp-content\/uploads\/2020\/05\/test-bakery-300x64.jpg 300w, https:\/\/www.vacuumcooling.com\/wp-content\/uploads\/2020\/05\/test-bakery-1024x217.jpg 1024w, https:\/\/www.vacuumcooling.com\/wp-content\/uploads\/2020\/05\/test-bakery-768x163.jpg 768w, https:\/\/www.vacuumcooling.com\/wp-content\/uploads\/2020\/05\/test-bakery-1536x326.jpg 1536w, https:\/\/www.vacuumcooling.com\/wp-content\/uploads\/2020\/05\/test-bakery-2048x434.jpg 2048w, https:\/\/www.vacuumcooling.com\/wp-content\/uploads\/2020\/05\/test-bakery-700x148.jpg 700w\" sizes=\"(max-width: 2500px) 100vw, 2500px\" \/>\t\t\t\t\t\t\t\t\t\t\t\t\t\t\t<\/div>\n\t\t\t\t<\/div>\n\t\t\t\t\t<\/div>\n\t\t<\/div>\n\t\t\t\t\t<\/div>\n\t\t<\/section>\n\t\t\t\t<section class=\"elementor-section elementor-top-section elementor-element elementor-element-0f11760 elementor-section-boxed elementor-section-height-default elementor-section-height-default\" data-id=\"0f11760\" data-element_type=\"section\" data-e-type=\"section\">\n\t\t\t\t\t\t<div class=\"elementor-container elementor-column-gap-default\">\n\t\t\t\t\t<div class=\"elementor-column elementor-col-100 elementor-top-column elementor-element elementor-element-d6996f1\" data-id=\"d6996f1\" data-element_type=\"column\" data-e-type=\"column\">\n\t\t\t<div class=\"elementor-widget-wrap elementor-element-populated\">\n\t\t\t\t\t\t<div class=\"elementor-element elementor-element-89a57ea elementor-widget elementor-widget-spacer\" data-id=\"89a57ea\" data-element_type=\"widget\" data-e-type=\"widget\" data-widget_type=\"spacer.default\">\n\t\t\t\t<div class=\"elementor-widget-container\">\n\t\t\t\t\t\t\t<div class=\"elementor-spacer\">\n\t\t\t<div class=\"elementor-spacer-inner\"><\/div>\n\t\t<\/div>\n\t\t\t\t\t\t<\/div>\n\t\t\t\t<\/div>\n\t\t\t\t\t<\/div>\n\t\t<\/div>\n\t\t\t\t\t<\/div>\n\t\t<\/section>\n\t\t\t\t<\/div>\n\t\t","protected":false},"excerpt":{"rendered":"<p>Instalaciones de pruebas Para garantizar los buenos resultados de refrigeraci\u00f3n y horneado al vac\u00edo son de vital importancia la combinaci\u00f3n de la mejor t\u00e9cnica, conocimiento tecnol\u00f3gico superior y no menos importante la elecci\u00f3n para la receta m\u00e1s apta. Queremos compartir nuestras experiencias con usted y&#8230;<\/p>\n","protected":false},"author":7,"featured_media":0,"parent":0,"menu_order":0,"comment_status":"closed","ping_status":"closed","template":"full_width.php","meta":{"footnotes":""},"class_list":["post-2288","page","type-page","status-publish","hentry"],"yoast_head":"<!-- This site is optimized with the Yoast SEO Premium plugin v27.5 (Yoast SEO v27.5) - https:\/\/yoast.com\/product\/yoast-seo-premium-wordpress\/ -->\n<title>Panificacora de pruebas - Vacuum Cooling &amp; Baking Solutions<\/title>\n<meta name=\"robots\" content=\"index, follow, max-snippet:-1, max-image-preview:large, max-video-preview:-1\" \/>\n<link rel=\"canonical\" href=\"https:\/\/www.vacuumcooling.com\/es\/panificacora-de-pruebas\/\" \/>\n<meta property=\"og:locale\" content=\"es_ES\" \/>\n<meta property=\"og:type\" content=\"article\" \/>\n<meta property=\"og:title\" content=\"Panificacora de pruebas\" \/>\n<meta property=\"og:description\" content=\"Instalaciones de pruebas Para garantizar los buenos resultados de refrigeraci\u00f3n y horneado al vac\u00edo son de vital importancia la combinaci\u00f3n de la mejor t\u00e9cnica, conocimiento tecnol\u00f3gico superior y no menos importante la elecci\u00f3n para la receta m\u00e1s apta. Queremos compartir nuestras experiencias con usted y...\" \/>\n<meta property=\"og:url\" content=\"https:\/\/www.vacuumcooling.com\/es\/panificacora-de-pruebas\/\" \/>\n<meta property=\"og:site_name\" content=\"Vacuum Cooling &amp; Baking Solutions\" \/>\n<meta property=\"article:modified_time\" content=\"2020-07-16T10:38:27+00:00\" \/>\n<meta property=\"og:image\" content=\"https:\/\/www.vacuumcooling.com\/wp-content\/uploads\/2020\/05\/test-bakery.jpg\" \/>\n<meta name=\"twitter:card\" content=\"summary_large_image\" \/>\n<meta name=\"twitter:label1\" content=\"Tiempo de lectura\" \/>\n\t<meta name=\"twitter:data1\" content=\"1 minuto\" \/>\n<script type=\"application\/ld+json\" class=\"yoast-schema-graph\">{\"@context\":\"https:\\\/\\\/schema.org\",\"@graph\":[{\"@type\":\"WebPage\",\"@id\":\"https:\\\/\\\/www.vacuumcooling.com\\\/es\\\/panificacora-de-pruebas\\\/\",\"url\":\"https:\\\/\\\/www.vacuumcooling.com\\\/es\\\/panificacora-de-pruebas\\\/\",\"name\":\"Panificacora de pruebas - Vacuum Cooling &amp; Baking Solutions\",\"isPartOf\":{\"@id\":\"https:\\\/\\\/www.vacuumcooling.com\\\/#website\"},\"primaryImageOfPage\":{\"@id\":\"https:\\\/\\\/www.vacuumcooling.com\\\/es\\\/panificacora-de-pruebas\\\/#primaryimage\"},\"image\":{\"@id\":\"https:\\\/\\\/www.vacuumcooling.com\\\/es\\\/panificacora-de-pruebas\\\/#primaryimage\"},\"thumbnailUrl\":\"https:\\\/\\\/www.vacuumcooling.com\\\/wp-content\\\/uploads\\\/2020\\\/05\\\/test-bakery.jpg\",\"datePublished\":\"2020-06-29T09:59:18+00:00\",\"dateModified\":\"2020-07-16T10:38:27+00:00\",\"breadcrumb\":{\"@id\":\"https:\\\/\\\/www.vacuumcooling.com\\\/es\\\/panificacora-de-pruebas\\\/#breadcrumb\"},\"inLanguage\":\"es\",\"potentialAction\":[{\"@type\":\"ReadAction\",\"target\":[\"https:\\\/\\\/www.vacuumcooling.com\\\/es\\\/panificacora-de-pruebas\\\/\"]}]},{\"@type\":\"ImageObject\",\"inLanguage\":\"es\",\"@id\":\"https:\\\/\\\/www.vacuumcooling.com\\\/es\\\/panificacora-de-pruebas\\\/#primaryimage\",\"url\":\"https:\\\/\\\/www.vacuumcooling.com\\\/wp-content\\\/uploads\\\/2020\\\/05\\\/test-bakery.jpg\",\"contentUrl\":\"https:\\\/\\\/www.vacuumcooling.com\\\/wp-content\\\/uploads\\\/2020\\\/05\\\/test-bakery.jpg\"},{\"@type\":\"BreadcrumbList\",\"@id\":\"https:\\\/\\\/www.vacuumcooling.com\\\/es\\\/panificacora-de-pruebas\\\/#breadcrumb\",\"itemListElement\":[{\"@type\":\"ListItem\",\"position\":1,\"name\":\"Home\",\"item\":\"https:\\\/\\\/www.vacuumcooling.com\\\/es\\\/\"},{\"@type\":\"ListItem\",\"position\":2,\"name\":\"Panificacora de pruebas\"}]},{\"@type\":\"WebSite\",\"@id\":\"https:\\\/\\\/www.vacuumcooling.com\\\/#website\",\"url\":\"https:\\\/\\\/www.vacuumcooling.com\\\/\",\"name\":\"Vacuum Cooling &amp; Baking Solutions\",\"description\":\"Vacuum Cooling &amp; Baking Solutions\",\"potentialAction\":[{\"@type\":\"SearchAction\",\"target\":{\"@type\":\"EntryPoint\",\"urlTemplate\":\"https:\\\/\\\/www.vacuumcooling.com\\\/?s={search_term_string}\"},\"query-input\":{\"@type\":\"PropertyValueSpecification\",\"valueRequired\":true,\"valueName\":\"search_term_string\"}}],\"inLanguage\":\"es\"}]}<\/script>\n<!-- \/ Yoast SEO Premium plugin. -->","yoast_head_json":{"title":"Panificacora de pruebas - Vacuum Cooling &amp; Baking Solutions","robots":{"index":"index","follow":"follow","max-snippet":"max-snippet:-1","max-image-preview":"max-image-preview:large","max-video-preview":"max-video-preview:-1"},"canonical":"https:\/\/www.vacuumcooling.com\/es\/panificacora-de-pruebas\/","og_locale":"es_ES","og_type":"article","og_title":"Panificacora de pruebas","og_description":"Instalaciones de pruebas Para garantizar los buenos resultados de refrigeraci\u00f3n y horneado al vac\u00edo son de vital importancia la combinaci\u00f3n de la mejor t\u00e9cnica, conocimiento tecnol\u00f3gico superior y no menos importante la elecci\u00f3n para la receta m\u00e1s apta. Queremos compartir nuestras experiencias con usted y...","og_url":"https:\/\/www.vacuumcooling.com\/es\/panificacora-de-pruebas\/","og_site_name":"Vacuum Cooling &amp; Baking Solutions","article_modified_time":"2020-07-16T10:38:27+00:00","og_image":[{"url":"https:\/\/www.vacuumcooling.com\/wp-content\/uploads\/2020\/05\/test-bakery.jpg","type":"","width":"","height":""}],"twitter_card":"summary_large_image","twitter_misc":{"Tiempo de lectura":"1 minuto"},"schema":{"@context":"https:\/\/schema.org","@graph":[{"@type":"WebPage","@id":"https:\/\/www.vacuumcooling.com\/es\/panificacora-de-pruebas\/","url":"https:\/\/www.vacuumcooling.com\/es\/panificacora-de-pruebas\/","name":"Panificacora de pruebas - Vacuum Cooling &amp; Baking Solutions","isPartOf":{"@id":"https:\/\/www.vacuumcooling.com\/#website"},"primaryImageOfPage":{"@id":"https:\/\/www.vacuumcooling.com\/es\/panificacora-de-pruebas\/#primaryimage"},"image":{"@id":"https:\/\/www.vacuumcooling.com\/es\/panificacora-de-pruebas\/#primaryimage"},"thumbnailUrl":"https:\/\/www.vacuumcooling.com\/wp-content\/uploads\/2020\/05\/test-bakery.jpg","datePublished":"2020-06-29T09:59:18+00:00","dateModified":"2020-07-16T10:38:27+00:00","breadcrumb":{"@id":"https:\/\/www.vacuumcooling.com\/es\/panificacora-de-pruebas\/#breadcrumb"},"inLanguage":"es","potentialAction":[{"@type":"ReadAction","target":["https:\/\/www.vacuumcooling.com\/es\/panificacora-de-pruebas\/"]}]},{"@type":"ImageObject","inLanguage":"es","@id":"https:\/\/www.vacuumcooling.com\/es\/panificacora-de-pruebas\/#primaryimage","url":"https:\/\/www.vacuumcooling.com\/wp-content\/uploads\/2020\/05\/test-bakery.jpg","contentUrl":"https:\/\/www.vacuumcooling.com\/wp-content\/uploads\/2020\/05\/test-bakery.jpg"},{"@type":"BreadcrumbList","@id":"https:\/\/www.vacuumcooling.com\/es\/panificacora-de-pruebas\/#breadcrumb","itemListElement":[{"@type":"ListItem","position":1,"name":"Home","item":"https:\/\/www.vacuumcooling.com\/es\/"},{"@type":"ListItem","position":2,"name":"Panificacora de pruebas"}]},{"@type":"WebSite","@id":"https:\/\/www.vacuumcooling.com\/#website","url":"https:\/\/www.vacuumcooling.com\/","name":"Vacuum Cooling &amp; Baking Solutions","description":"Vacuum Cooling &amp; Baking Solutions","potentialAction":[{"@type":"SearchAction","target":{"@type":"EntryPoint","urlTemplate":"https:\/\/www.vacuumcooling.com\/?s={search_term_string}"},"query-input":{"@type":"PropertyValueSpecification","valueRequired":true,"valueName":"search_term_string"}}],"inLanguage":"es"}]}},"_links":{"self":[{"href":"https:\/\/www.vacuumcooling.com\/es\/wp-json\/wp\/v2\/pages\/2288","targetHints":{"allow":["GET"]}}],"collection":[{"href":"https:\/\/www.vacuumcooling.com\/es\/wp-json\/wp\/v2\/pages"}],"about":[{"href":"https:\/\/www.vacuumcooling.com\/es\/wp-json\/wp\/v2\/types\/page"}],"author":[{"embeddable":true,"href":"https:\/\/www.vacuumcooling.com\/es\/wp-json\/wp\/v2\/users\/7"}],"replies":[{"embeddable":true,"href":"https:\/\/www.vacuumcooling.com\/es\/wp-json\/wp\/v2\/comments?post=2288"}],"version-history":[{"count":0,"href":"https:\/\/www.vacuumcooling.com\/es\/wp-json\/wp\/v2\/pages\/2288\/revisions"}],"wp:attachment":[{"href":"https:\/\/www.vacuumcooling.com\/es\/wp-json\/wp\/v2\/media?parent=2288"}],"curies":[{"name":"wp","href":"https:\/\/api.w.org\/{rel}","templated":true}]}}