{"id":2309,"date":"2020-06-29T10:00:48","date_gmt":"2020-06-29T10:00:48","guid":{"rendered":"https:\/\/www.vacuumcooling.com\/?page_id=2309"},"modified":"2020-07-16T10:27:19","modified_gmt":"2020-07-16T10:27:19","slug":"el-equipo-v","status":"publish","type":"page","link":"https:\/\/www.vacuumcooling.com\/es\/el-equipo-v\/","title":{"rendered":"El Equipo V"},"content":{"rendered":"\t\t<div data-elementor-type=\"wp-page\" data-elementor-id=\"2309\" class=\"elementor elementor-2309\" data-elementor-post-type=\"page\">\n\t\t\t\t\t\t<section class=\"elementor-section elementor-top-section elementor-element elementor-element-806836c elementor-section-boxed elementor-section-height-default elementor-section-height-default\" data-id=\"806836c\" data-element_type=\"section\" data-e-type=\"section\">\n\t\t\t\t\t\t<div class=\"elementor-container elementor-column-gap-default\">\n\t\t\t\t\t<div class=\"elementor-column elementor-col-100 elementor-top-column elementor-element elementor-element-5ec3ca4\" data-id=\"5ec3ca4\" data-element_type=\"column\" data-e-type=\"column\">\n\t\t\t<div class=\"elementor-widget-wrap elementor-element-populated\">\n\t\t\t\t\t\t<div class=\"elementor-element elementor-element-a93e7ee din elementor-widget elementor-widget-heading\" data-id=\"a93e7ee\" data-element_type=\"widget\" data-e-type=\"widget\" data-widget_type=\"heading.default\">\n\t\t\t\t<div class=\"elementor-widget-container\">\n\t\t\t\t\t<h2 class=\"elementor-heading-title elementor-size-default\">Nuestro equipo V<\/h2>\t\t\t\t<\/div>\n\t\t\t\t<\/div>\n\t\t\t\t\t<\/div>\n\t\t<\/div>\n\t\t\t\t\t<\/div>\n\t\t<\/section>\n\t\t\t\t<section class=\"elementor-section elementor-top-section elementor-element elementor-element-73c594dd elementor-section-boxed elementor-section-height-default elementor-section-height-default\" data-id=\"73c594dd\" data-element_type=\"section\" data-e-type=\"section\">\n\t\t\t\t\t\t<div class=\"elementor-container elementor-column-gap-default\">\n\t\t\t\t\t<div class=\"elementor-column elementor-col-66 elementor-top-column elementor-element elementor-element-362baa73\" data-id=\"362baa73\" data-element_type=\"column\" data-e-type=\"column\" data-settings=\"{&quot;background_background&quot;:&quot;classic&quot;}\">\n\t\t\t<div class=\"elementor-widget-wrap elementor-element-populated\">\n\t\t\t\t\t\t<div class=\"elementor-element elementor-element-1441872e elementor-widget elementor-widget-text-editor\" data-id=\"1441872e\" data-element_type=\"widget\" data-e-type=\"widget\" data-widget_type=\"text-editor.default\">\n\t\t\t\t<div class=\"elementor-widget-container\">\n\t\t\t\t\t\t\t\t\t<p>El equipo V (Equipo de refrigeraci\u00f3n y horneado al vac\u00edo) consiste de especialistas en el campo de t\u00e9cnica y tecnolog\u00eda para refrigeraci\u00f3n y horneado al vaci\u00f3. Tienen bastante experiencia y est\u00e1n equipados para ayudarle a establecer su estrategia de refrigeraci\u00f3n y horneado.<\/p>\t\t\t\t\t\t\t\t<\/div>\n\t\t\t\t<\/div>\n\t\t\t\t\t<\/div>\n\t\t<\/div>\n\t\t\t\t<div class=\"elementor-column elementor-col-33 elementor-top-column elementor-element elementor-element-7e355442\" data-id=\"7e355442\" data-element_type=\"column\" data-e-type=\"column\">\n\t\t\t<div class=\"elementor-widget-wrap\">\n\t\t\t\t\t\t\t<\/div>\n\t\t<\/div>\n\t\t\t\t\t<\/div>\n\t\t<\/section>\n\t\t\t\t<section class=\"elementor-section elementor-top-section elementor-element elementor-element-b2d6373 elementor-section-boxed elementor-section-height-default elementor-section-height-default\" data-id=\"b2d6373\" data-element_type=\"section\" data-e-type=\"section\">\n\t\t\t\t\t\t<div class=\"elementor-container elementor-column-gap-default\">\n\t\t\t\t\t<div class=\"elementor-column elementor-col-100 elementor-top-column elementor-element elementor-element-a6568dd\" data-id=\"a6568dd\" data-element_type=\"column\" data-e-type=\"column\">\n\t\t\t<div class=\"elementor-widget-wrap elementor-element-populated\">\n\t\t\t\t\t\t<div class=\"elementor-element elementor-element-50533bb elementor-widget elementor-widget-image\" data-id=\"50533bb\" data-element_type=\"widget\" data-e-type=\"widget\" data-widget_type=\"image.default\">\n\t\t\t\t<div class=\"elementor-widget-container\">\n\t\t\t\t\t\t\t\t\t\t\t\t\t\t\t<img fetchpriority=\"high\" decoding=\"async\" width=\"2400\" height=\"1602\" src=\"https:\/\/www.vacuumcooling.com\/wp-content\/uploads\/2020\/04\/Verhoeven_BBK_5030_.jpg\" class=\"attachment-full size-full wp-image-2937\" alt=\"V-Team\" srcset=\"https:\/\/www.vacuumcooling.com\/wp-content\/uploads\/2020\/04\/Verhoeven_BBK_5030_.jpg 2400w, https:\/\/www.vacuumcooling.com\/wp-content\/uploads\/2020\/04\/Verhoeven_BBK_5030_-300x200.jpg 300w, https:\/\/www.vacuumcooling.com\/wp-content\/uploads\/2020\/04\/Verhoeven_BBK_5030_-1024x684.jpg 1024w, https:\/\/www.vacuumcooling.com\/wp-content\/uploads\/2020\/04\/Verhoeven_BBK_5030_-768x513.jpg 768w, https:\/\/www.vacuumcooling.com\/wp-content\/uploads\/2020\/04\/Verhoeven_BBK_5030_-1536x1025.jpg 1536w, https:\/\/www.vacuumcooling.com\/wp-content\/uploads\/2020\/04\/Verhoeven_BBK_5030_-2048x1367.jpg 2048w, https:\/\/www.vacuumcooling.com\/wp-content\/uploads\/2020\/04\/Verhoeven_BBK_5030_-700x467.jpg 700w\" sizes=\"(max-width: 2400px) 100vw, 2400px\" \/>\t\t\t\t\t\t\t\t\t\t\t\t\t\t\t<\/div>\n\t\t\t\t<\/div>\n\t\t\t\t\t<\/div>\n\t\t<\/div>\n\t\t\t\t\t<\/div>\n\t\t<\/section>\n\t\t\t\t<section class=\"elementor-section elementor-top-section elementor-element elementor-element-7a9aa0c elementor-section-boxed elementor-section-height-default elementor-section-height-default\" data-id=\"7a9aa0c\" data-element_type=\"section\" data-e-type=\"section\">\n\t\t\t\t\t\t<div class=\"elementor-container elementor-column-gap-default\">\n\t\t\t\t\t<div class=\"elementor-column elementor-col-100 elementor-top-column elementor-element elementor-element-3b91572\" data-id=\"3b91572\" data-element_type=\"column\" data-e-type=\"column\">\n\t\t\t<div class=\"elementor-widget-wrap elementor-element-populated\">\n\t\t\t\t\t\t<div class=\"elementor-element elementor-element-0d31420 elementor-widget elementor-widget-menu-anchor\" data-id=\"0d31420\" data-element_type=\"widget\" data-e-type=\"widget\" data-widget_type=\"menu-anchor.default\">\n\t\t\t\t<div class=\"elementor-widget-container\">\n\t\t\t\t\t\t\t<div class=\"elementor-menu-anchor\" id=\"our-ambassadors\"><\/div>\n\t\t\t\t\t\t<\/div>\n\t\t\t\t<\/div>\n\t\t\t\t<div class=\"elementor-element elementor-element-86ace38 elementor-widget elementor-widget-spacer\" data-id=\"86ace38\" data-element_type=\"widget\" data-e-type=\"widget\" data-widget_type=\"spacer.default\">\n\t\t\t\t<div class=\"elementor-widget-container\">\n\t\t\t\t\t\t\t<div class=\"elementor-spacer\">\n\t\t\t<div class=\"elementor-spacer-inner\"><\/div>\n\t\t<\/div>\n\t\t\t\t\t\t<\/div>\n\t\t\t\t<\/div>\n\t\t\t\t<div class=\"elementor-element elementor-element-e0d1b1e din elementor-widget elementor-widget-heading\" data-id=\"e0d1b1e\" data-element_type=\"widget\" data-e-type=\"widget\" data-widget_type=\"heading.default\">\n\t\t\t\t<div class=\"elementor-widget-container\">\n\t\t\t\t\t<h2 class=\"elementor-heading-title elementor-size-default\">Nuestros embajadores<\/h2>\t\t\t\t<\/div>\n\t\t\t\t<\/div>\n\t\t\t\t<div class=\"elementor-element elementor-element-0913460 elementor-widget elementor-widget-spacer\" data-id=\"0913460\" data-element_type=\"widget\" data-e-type=\"widget\" data-widget_type=\"spacer.default\">\n\t\t\t\t<div class=\"elementor-widget-container\">\n\t\t\t\t\t\t\t<div class=\"elementor-spacer\">\n\t\t\t<div class=\"elementor-spacer-inner\"><\/div>\n\t\t<\/div>\n\t\t\t\t\t\t<\/div>\n\t\t\t\t<\/div>\n\t\t\t\t\t<\/div>\n\t\t<\/div>\n\t\t\t\t\t<\/div>\n\t\t<\/section>\n\t\t\t\t<section class=\"elementor-section elementor-top-section elementor-element elementor-element-301dbe3 elementor-section-boxed elementor-section-height-default elementor-section-height-default\" data-id=\"301dbe3\" data-element_type=\"section\" data-e-type=\"section\">\n\t\t\t\t\t\t<div class=\"elementor-container elementor-column-gap-default\">\n\t\t\t\t\t<div class=\"elementor-column elementor-col-33 elementor-top-column elementor-element elementor-element-fb8c7fa\" data-id=\"fb8c7fa\" data-element_type=\"column\" data-e-type=\"column\">\n\t\t\t<div class=\"elementor-widget-wrap elementor-element-populated\">\n\t\t\t\t\t\t<div class=\"elementor-element elementor-element-3106f1c elementor-widget elementor-widget-image\" data-id=\"3106f1c\" data-element_type=\"widget\" data-e-type=\"widget\" data-widget_type=\"image.default\">\n\t\t\t\t<div class=\"elementor-widget-container\">\n\t\t\t\t\t\t\t\t\t\t\t\t\t\t\t<img decoding=\"async\" width=\"800\" height=\"534\" src=\"https:\/\/www.vacuumcooling.com\/wp-content\/uploads\/2020\/04\/Verhoeven_BBK__-2zw.jpg\" class=\"attachment-full size-full wp-image-2940\" alt=\"\" srcset=\"https:\/\/www.vacuumcooling.com\/wp-content\/uploads\/2020\/04\/Verhoeven_BBK__-2zw.jpg 800w, https:\/\/www.vacuumcooling.com\/wp-content\/uploads\/2020\/04\/Verhoeven_BBK__-2zw-300x200.jpg 300w, https:\/\/www.vacuumcooling.com\/wp-content\/uploads\/2020\/04\/Verhoeven_BBK__-2zw-768x513.jpg 768w, https:\/\/www.vacuumcooling.com\/wp-content\/uploads\/2020\/04\/Verhoeven_BBK__-2zw-700x467.jpg 700w\" sizes=\"(max-width: 800px) 100vw, 800px\" \/>\t\t\t\t\t\t\t\t\t\t\t\t\t\t\t<\/div>\n\t\t\t\t<\/div>\n\t\t\t\t<div class=\"elementor-element elementor-element-ee0580b elementor-widget elementor-widget-spacer\" data-id=\"ee0580b\" data-element_type=\"widget\" data-e-type=\"widget\" data-widget_type=\"spacer.default\">\n\t\t\t\t<div class=\"elementor-widget-container\">\n\t\t\t\t\t\t\t<div class=\"elementor-spacer\">\n\t\t\t<div class=\"elementor-spacer-inner\"><\/div>\n\t\t<\/div>\n\t\t\t\t\t\t<\/div>\n\t\t\t\t<\/div>\n\t\t\t\t\t<\/div>\n\t\t<\/div>\n\t\t\t\t<div class=\"elementor-column elementor-col-66 elementor-top-column elementor-element elementor-element-1d5a90c\" data-id=\"1d5a90c\" data-element_type=\"column\" data-e-type=\"column\" data-settings=\"{&quot;background_background&quot;:&quot;classic&quot;}\">\n\t\t\t<div class=\"elementor-widget-wrap elementor-element-populated\">\n\t\t\t\t\t\t<div class=\"elementor-element elementor-element-75b2f73 elementor-widget elementor-widget-text-editor\" data-id=\"75b2f73\" data-element_type=\"widget\" data-e-type=\"widget\" data-widget_type=\"text-editor.default\">\n\t\t\t\t<div class=\"elementor-widget-container\">\n\t\t\t\t\t\t\t\t\t<h3><span style=\"color: #ffffff;\"><strong>Patrick Duss, el progresivo \u2018mr Vacuum\u2019<\/strong><\/span><\/h3><p><em>\u2018La refrigeraci\u00f3n al vac\u00edo es la tecnolog\u00eda del futuro para todos los procesos de horneado\u2019<\/em><\/p><p>Uno de los pioneros que ha introducido el principio en el mundo de la panader\u00eda es el Suizo Patrick Duss *, tambi\u00e9n conocido por su seud\u00f3nimo \u2018Mr. Vacuum\u2019 (<em>Se\u00f1or Vac\u00edo<\/em>). Ha comenzado a trabajar para Verhoeven Bakery Equipment Family en el 2014 y es embajador para Vacuum Cooling &amp; Baking Company, donde tambi\u00e9n imparte clases.<\/p><p>\u00a0<\/p><p>*\u00a0<em>Ha pasado su ni\u00f1ez en una familia de panaderos y pasteleros de 4 generaciones en Suiza. Como panadero y pastelero experimentado dirigi\u00f3 la panader\u00eda de sus padres hasta finales de los 80. Despu\u00e9s de haber vendido la panader\u00eda primero ha estudiado marketing y despu\u00e9s econom\u00eda. En el comienzo del siglo por primera vez tuvo contacto con la subdesarrollada tecnolog\u00eda del vac\u00edo. Fund\u00f3 Aston Foods y comenz\u00f3 a trabajar con la t\u00e9cnica de refrigeraci\u00f3n al vac\u00edo. En 2012 vendi\u00f3 la empresa.<\/em><\/p>\t\t\t\t\t\t\t\t<\/div>\n\t\t\t\t<\/div>\n\t\t\t\t<div class=\"elementor-element elementor-element-d19a42b elementor-widget elementor-widget-spacer\" data-id=\"d19a42b\" data-element_type=\"widget\" data-e-type=\"widget\" data-widget_type=\"spacer.default\">\n\t\t\t\t<div class=\"elementor-widget-container\">\n\t\t\t\t\t\t\t<div class=\"elementor-spacer\">\n\t\t\t<div class=\"elementor-spacer-inner\"><\/div>\n\t\t<\/div>\n\t\t\t\t\t\t<\/div>\n\t\t\t\t<\/div>\n\t\t\t\t\t<\/div>\n\t\t<\/div>\n\t\t\t\t\t<\/div>\n\t\t<\/section>\n\t\t\t\t<section class=\"elementor-section elementor-top-section elementor-element elementor-element-32d0572 elementor-section-boxed elementor-section-height-default elementor-section-height-default\" data-id=\"32d0572\" data-element_type=\"section\" data-e-type=\"section\">\n\t\t\t\t\t\t<div class=\"elementor-container elementor-column-gap-default\">\n\t\t\t\t\t<div class=\"elementor-column elementor-col-66 elementor-top-column elementor-element elementor-element-794c4f0\" data-id=\"794c4f0\" data-element_type=\"column\" data-e-type=\"column\" data-settings=\"{&quot;background_background&quot;:&quot;classic&quot;}\">\n\t\t\t<div class=\"elementor-widget-wrap elementor-element-populated\">\n\t\t\t\t\t\t<div class=\"elementor-element elementor-element-2eaa40f elementor-widget elementor-widget-text-editor\" data-id=\"2eaa40f\" data-element_type=\"widget\" data-e-type=\"widget\" data-widget_type=\"text-editor.default\">\n\t\t\t\t<div class=\"elementor-widget-container\">\n\t\t\t\t\t\t\t\t\t<h3><span style=\"color: #ffffff;\"><strong>Chris Vreugdenhil, panadero de 3 estrellas<\/strong><\/span><\/h3><p><em>\u201cLa diferencia entre bueno y perfecto<\/em>\u201d<\/p><p>Juntos con su hermano Gerard Chris forma la cuarta generaci\u00f3n de una familia panadera conocida que ha ganado varios premios nacionales e internacionales.<\/p><p>\u00a0<\/p><p>Los hermanos trabajan seg\u00fan la filosof\u00eda de su padre: \u2018<em>No siempre necesitas m\u00e1s, pero siempre lo puedes<\/em>\u00a0<em>hacer mejor..\u2019<\/em>\u00a0Aplicando con refrigeraci\u00f3n y horneado al vac\u00edo en su proceso de producci\u00f3n lograron un rendimiento mayor con la misma inversi\u00f3n. Tener el control completo sobre la t\u00e9cnica de vac\u00edo ofrece posibilidades revolucionarias para el proceso de hornear.\u00a0<em>\u2018Eso lleva a impresionantes mejor\u00edas del producto. Se vuelve m\u00e1s crujiente pero a pesar de eso tambi\u00e9n m\u00e1s suave, proporciona al mismo tiempo ahorros en cuanto al uso de energ\u00eda, tiempo de producci\u00f3n y espacio.<\/em><\/p>\t\t\t\t\t\t\t\t<\/div>\n\t\t\t\t<\/div>\n\t\t\t\t<div class=\"elementor-element elementor-element-495b053 elementor-widget elementor-widget-spacer\" data-id=\"495b053\" data-element_type=\"widget\" data-e-type=\"widget\" data-widget_type=\"spacer.default\">\n\t\t\t\t<div class=\"elementor-widget-container\">\n\t\t\t\t\t\t\t<div class=\"elementor-spacer\">\n\t\t\t<div class=\"elementor-spacer-inner\"><\/div>\n\t\t<\/div>\n\t\t\t\t\t\t<\/div>\n\t\t\t\t<\/div>\n\t\t\t\t\t<\/div>\n\t\t<\/div>\n\t\t\t\t<div class=\"elementor-column elementor-col-33 elementor-top-column elementor-element elementor-element-e17f2f0\" data-id=\"e17f2f0\" data-element_type=\"column\" data-e-type=\"column\">\n\t\t\t<div class=\"elementor-widget-wrap elementor-element-populated\">\n\t\t\t\t\t\t<div class=\"elementor-element elementor-element-076c4bc elementor-widget elementor-widget-image\" data-id=\"076c4bc\" data-element_type=\"widget\" data-e-type=\"widget\" data-widget_type=\"image.default\">\n\t\t\t\t<div class=\"elementor-widget-container\">\n\t\t\t\t\t\t\t\t\t\t\t\t\t\t\t<img decoding=\"async\" width=\"800\" height=\"584\" src=\"https:\/\/www.vacuumcooling.com\/wp-content\/uploads\/2020\/04\/Vreugdenhill_20190716_BBK_3-3zw.jpg\" class=\"attachment-full size-full wp-image-2941\" alt=\"\" srcset=\"https:\/\/www.vacuumcooling.com\/wp-content\/uploads\/2020\/04\/Vreugdenhill_20190716_BBK_3-3zw.jpg 800w, https:\/\/www.vacuumcooling.com\/wp-content\/uploads\/2020\/04\/Vreugdenhill_20190716_BBK_3-3zw-300x219.jpg 300w, https:\/\/www.vacuumcooling.com\/wp-content\/uploads\/2020\/04\/Vreugdenhill_20190716_BBK_3-3zw-768x561.jpg 768w, https:\/\/www.vacuumcooling.com\/wp-content\/uploads\/2020\/04\/Vreugdenhill_20190716_BBK_3-3zw-700x511.jpg 700w\" sizes=\"(max-width: 800px) 100vw, 800px\" \/>\t\t\t\t\t\t\t\t\t\t\t\t\t\t\t<\/div>\n\t\t\t\t<\/div>\n\t\t\t\t\t<\/div>\n\t\t<\/div>\n\t\t\t\t\t<\/div>\n\t\t<\/section>\n\t\t\t\t<section class=\"elementor-section elementor-top-section elementor-element elementor-element-034c093 elementor-section-boxed elementor-section-height-default elementor-section-height-default\" data-id=\"034c093\" data-element_type=\"section\" data-e-type=\"section\">\n\t\t\t\t\t\t<div class=\"elementor-container elementor-column-gap-default\">\n\t\t\t\t\t<div class=\"elementor-column elementor-col-100 elementor-top-column elementor-element elementor-element-cf61bec\" data-id=\"cf61bec\" data-element_type=\"column\" data-e-type=\"column\">\n\t\t\t<div class=\"elementor-widget-wrap elementor-element-populated\">\n\t\t\t\t\t\t<div class=\"elementor-element elementor-element-eab6b44 elementor-widget elementor-widget-spacer\" data-id=\"eab6b44\" data-element_type=\"widget\" data-e-type=\"widget\" data-widget_type=\"spacer.default\">\n\t\t\t\t<div class=\"elementor-widget-container\">\n\t\t\t\t\t\t\t<div class=\"elementor-spacer\">\n\t\t\t<div class=\"elementor-spacer-inner\"><\/div>\n\t\t<\/div>\n\t\t\t\t\t\t<\/div>\n\t\t\t\t<\/div>\n\t\t\t\t\t<\/div>\n\t\t<\/div>\n\t\t\t\t\t<\/div>\n\t\t<\/section>\n\t\t\t\t<\/div>\n\t\t","protected":false},"excerpt":{"rendered":"<p>Nuestro equipo V El equipo V (Equipo de refrigeraci\u00f3n y horneado al vac\u00edo) consiste de especialistas en el campo de t\u00e9cnica y tecnolog\u00eda para refrigeraci\u00f3n y horneado al vaci\u00f3. Tienen bastante experiencia y est\u00e1n equipados para ayudarle a establecer su estrategia de refrigeraci\u00f3n y horneado&#8230;.<\/p>\n","protected":false},"author":7,"featured_media":0,"parent":0,"menu_order":0,"comment_status":"closed","ping_status":"closed","template":"","meta":{"footnotes":""},"class_list":["post-2309","page","type-page","status-publish","hentry"],"yoast_head":"<!-- This site is optimized with the Yoast SEO Premium plugin v27.1 (Yoast SEO v27.2) - https:\/\/yoast.com\/product\/yoast-seo-premium-wordpress\/ -->\n<title>El Equipo V - Vacuum Cooling &amp; Baking Solutions<\/title>\n<meta name=\"robots\" content=\"index, follow, max-snippet:-1, max-image-preview:large, max-video-preview:-1\" \/>\n<link rel=\"canonical\" href=\"https:\/\/www.vacuumcooling.com\/es\/el-equipo-v\/\" \/>\n<meta property=\"og:locale\" content=\"es_ES\" \/>\n<meta property=\"og:type\" content=\"article\" \/>\n<meta property=\"og:title\" content=\"El Equipo V\" \/>\n<meta property=\"og:description\" content=\"Nuestro equipo V El equipo V (Equipo de refrigeraci\u00f3n y horneado al vac\u00edo) consiste de especialistas en el campo de t\u00e9cnica y tecnolog\u00eda para refrigeraci\u00f3n y horneado al vaci\u00f3. Tienen bastante experiencia y est\u00e1n equipados para ayudarle a establecer su estrategia de refrigeraci\u00f3n y horneado....\" \/>\n<meta property=\"og:url\" content=\"https:\/\/www.vacuumcooling.com\/es\/el-equipo-v\/\" \/>\n<meta property=\"og:site_name\" content=\"Vacuum Cooling &amp; Baking Solutions\" \/>\n<meta property=\"article:modified_time\" content=\"2020-07-16T10:27:19+00:00\" \/>\n<meta property=\"og:image\" content=\"https:\/\/www.vacuumcooling.com\/wp-content\/uploads\/2020\/04\/Verhoeven_BBK_5030_.jpg\" \/>\n<meta name=\"twitter:card\" content=\"summary_large_image\" \/>\n<meta name=\"twitter:label1\" content=\"Tiempo de lectura\" \/>\n\t<meta name=\"twitter:data1\" content=\"2 minutos\" \/>\n<script type=\"application\/ld+json\" class=\"yoast-schema-graph\">{\"@context\":\"https:\/\/schema.org\",\"@graph\":[{\"@type\":\"WebPage\",\"@id\":\"https:\/\/www.vacuumcooling.com\/es\/el-equipo-v\/\",\"url\":\"https:\/\/www.vacuumcooling.com\/es\/el-equipo-v\/\",\"name\":\"El Equipo V - Vacuum Cooling &amp; Baking Solutions\",\"isPartOf\":{\"@id\":\"https:\/\/www.vacuumcooling.com\/#website\"},\"primaryImageOfPage\":{\"@id\":\"https:\/\/www.vacuumcooling.com\/es\/el-equipo-v\/#primaryimage\"},\"image\":{\"@id\":\"https:\/\/www.vacuumcooling.com\/es\/el-equipo-v\/#primaryimage\"},\"thumbnailUrl\":\"https:\/\/www.vacuumcooling.com\/wp-content\/uploads\/2020\/04\/Verhoeven_BBK_5030_.jpg\",\"datePublished\":\"2020-06-29T10:00:48+00:00\",\"dateModified\":\"2020-07-16T10:27:19+00:00\",\"breadcrumb\":{\"@id\":\"https:\/\/www.vacuumcooling.com\/es\/el-equipo-v\/#breadcrumb\"},\"inLanguage\":\"es\",\"potentialAction\":[{\"@type\":\"ReadAction\",\"target\":[\"https:\/\/www.vacuumcooling.com\/es\/el-equipo-v\/\"]}]},{\"@type\":\"ImageObject\",\"inLanguage\":\"es\",\"@id\":\"https:\/\/www.vacuumcooling.com\/es\/el-equipo-v\/#primaryimage\",\"url\":\"https:\/\/www.vacuumcooling.com\/wp-content\/uploads\/2020\/04\/Verhoeven_BBK_5030_.jpg\",\"contentUrl\":\"https:\/\/www.vacuumcooling.com\/wp-content\/uploads\/2020\/04\/Verhoeven_BBK_5030_.jpg\"},{\"@type\":\"BreadcrumbList\",\"@id\":\"https:\/\/www.vacuumcooling.com\/es\/el-equipo-v\/#breadcrumb\",\"itemListElement\":[{\"@type\":\"ListItem\",\"position\":1,\"name\":\"Home\",\"item\":\"https:\/\/www.vacuumcooling.com\/es\/\"},{\"@type\":\"ListItem\",\"position\":2,\"name\":\"El Equipo V\"}]},{\"@type\":\"WebSite\",\"@id\":\"https:\/\/www.vacuumcooling.com\/#website\",\"url\":\"https:\/\/www.vacuumcooling.com\/\",\"name\":\"Vacuum Cooling &amp; Baking Solutions\",\"description\":\"Vacuum Cooling &amp; Baking Solutions\",\"potentialAction\":[{\"@type\":\"SearchAction\",\"target\":{\"@type\":\"EntryPoint\",\"urlTemplate\":\"https:\/\/www.vacuumcooling.com\/?s={search_term_string}\"},\"query-input\":{\"@type\":\"PropertyValueSpecification\",\"valueRequired\":true,\"valueName\":\"search_term_string\"}}],\"inLanguage\":\"es\"}]}<\/script>\n<!-- \/ Yoast SEO Premium plugin. -->","yoast_head_json":{"title":"El Equipo V - Vacuum Cooling &amp; Baking Solutions","robots":{"index":"index","follow":"follow","max-snippet":"max-snippet:-1","max-image-preview":"max-image-preview:large","max-video-preview":"max-video-preview:-1"},"canonical":"https:\/\/www.vacuumcooling.com\/es\/el-equipo-v\/","og_locale":"es_ES","og_type":"article","og_title":"El Equipo V","og_description":"Nuestro equipo V El equipo V (Equipo de refrigeraci\u00f3n y horneado al vac\u00edo) consiste de especialistas en el campo de t\u00e9cnica y tecnolog\u00eda para refrigeraci\u00f3n y horneado al vaci\u00f3. Tienen bastante experiencia y est\u00e1n equipados para ayudarle a establecer su estrategia de refrigeraci\u00f3n y horneado....","og_url":"https:\/\/www.vacuumcooling.com\/es\/el-equipo-v\/","og_site_name":"Vacuum Cooling &amp; Baking Solutions","article_modified_time":"2020-07-16T10:27:19+00:00","og_image":[{"url":"https:\/\/www.vacuumcooling.com\/wp-content\/uploads\/2020\/04\/Verhoeven_BBK_5030_.jpg","type":"","width":"","height":""}],"twitter_card":"summary_large_image","twitter_misc":{"Tiempo de lectura":"2 minutos"},"schema":{"@context":"https:\/\/schema.org","@graph":[{"@type":"WebPage","@id":"https:\/\/www.vacuumcooling.com\/es\/el-equipo-v\/","url":"https:\/\/www.vacuumcooling.com\/es\/el-equipo-v\/","name":"El Equipo V - Vacuum Cooling &amp; Baking Solutions","isPartOf":{"@id":"https:\/\/www.vacuumcooling.com\/#website"},"primaryImageOfPage":{"@id":"https:\/\/www.vacuumcooling.com\/es\/el-equipo-v\/#primaryimage"},"image":{"@id":"https:\/\/www.vacuumcooling.com\/es\/el-equipo-v\/#primaryimage"},"thumbnailUrl":"https:\/\/www.vacuumcooling.com\/wp-content\/uploads\/2020\/04\/Verhoeven_BBK_5030_.jpg","datePublished":"2020-06-29T10:00:48+00:00","dateModified":"2020-07-16T10:27:19+00:00","breadcrumb":{"@id":"https:\/\/www.vacuumcooling.com\/es\/el-equipo-v\/#breadcrumb"},"inLanguage":"es","potentialAction":[{"@type":"ReadAction","target":["https:\/\/www.vacuumcooling.com\/es\/el-equipo-v\/"]}]},{"@type":"ImageObject","inLanguage":"es","@id":"https:\/\/www.vacuumcooling.com\/es\/el-equipo-v\/#primaryimage","url":"https:\/\/www.vacuumcooling.com\/wp-content\/uploads\/2020\/04\/Verhoeven_BBK_5030_.jpg","contentUrl":"https:\/\/www.vacuumcooling.com\/wp-content\/uploads\/2020\/04\/Verhoeven_BBK_5030_.jpg"},{"@type":"BreadcrumbList","@id":"https:\/\/www.vacuumcooling.com\/es\/el-equipo-v\/#breadcrumb","itemListElement":[{"@type":"ListItem","position":1,"name":"Home","item":"https:\/\/www.vacuumcooling.com\/es\/"},{"@type":"ListItem","position":2,"name":"El Equipo V"}]},{"@type":"WebSite","@id":"https:\/\/www.vacuumcooling.com\/#website","url":"https:\/\/www.vacuumcooling.com\/","name":"Vacuum Cooling &amp; Baking Solutions","description":"Vacuum Cooling &amp; Baking Solutions","potentialAction":[{"@type":"SearchAction","target":{"@type":"EntryPoint","urlTemplate":"https:\/\/www.vacuumcooling.com\/?s={search_term_string}"},"query-input":{"@type":"PropertyValueSpecification","valueRequired":true,"valueName":"search_term_string"}}],"inLanguage":"es"}]}},"_links":{"self":[{"href":"https:\/\/www.vacuumcooling.com\/es\/wp-json\/wp\/v2\/pages\/2309","targetHints":{"allow":["GET"]}}],"collection":[{"href":"https:\/\/www.vacuumcooling.com\/es\/wp-json\/wp\/v2\/pages"}],"about":[{"href":"https:\/\/www.vacuumcooling.com\/es\/wp-json\/wp\/v2\/types\/page"}],"author":[{"embeddable":true,"href":"https:\/\/www.vacuumcooling.com\/es\/wp-json\/wp\/v2\/users\/7"}],"replies":[{"embeddable":true,"href":"https:\/\/www.vacuumcooling.com\/es\/wp-json\/wp\/v2\/comments?post=2309"}],"version-history":[{"count":0,"href":"https:\/\/www.vacuumcooling.com\/es\/wp-json\/wp\/v2\/pages\/2309\/revisions"}],"wp:attachment":[{"href":"https:\/\/www.vacuumcooling.com\/es\/wp-json\/wp\/v2\/media?parent=2309"}],"curies":[{"name":"wp","href":"https:\/\/api.w.org\/{rel}","templated":true}]}}