{"id":2315,"date":"2020-06-29T10:01:21","date_gmt":"2020-06-29T10:01:21","guid":{"rendered":"https:\/\/www.vacuumcooling.com\/?page_id=2315"},"modified":"2021-02-03T08:14:50","modified_gmt":"2021-02-03T08:14:50","slug":"vcb-academia","status":"publish","type":"page","link":"https:\/\/www.vacuumcooling.com\/es\/vcb-academia\/","title":{"rendered":"VC&#038;B Academia"},"content":{"rendered":"\t\t<div data-elementor-type=\"wp-page\" data-elementor-id=\"2315\" class=\"elementor elementor-2315\" data-elementor-post-type=\"page\">\n\t\t\t\t\t\t<section class=\"elementor-section elementor-top-section elementor-element elementor-element-064df86 elementor-section-boxed elementor-section-height-default elementor-section-height-default\" data-id=\"064df86\" data-element_type=\"section\" data-e-type=\"section\">\n\t\t\t\t\t\t<div class=\"elementor-container elementor-column-gap-default\">\n\t\t\t\t\t<div class=\"elementor-column elementor-col-100 elementor-top-column elementor-element elementor-element-2561304\" data-id=\"2561304\" data-element_type=\"column\" data-e-type=\"column\">\n\t\t\t<div class=\"elementor-widget-wrap elementor-element-populated\">\n\t\t\t\t\t\t<div class=\"elementor-element elementor-element-55e5c10 din elementor-widget elementor-widget-heading\" data-id=\"55e5c10\" data-element_type=\"widget\" data-e-type=\"widget\" data-widget_type=\"heading.default\">\n\t\t\t\t<div class=\"elementor-widget-container\">\n\t\t\t\t\t<h2 class=\"elementor-heading-title elementor-size-default\">ACADEMIA VC&amp;B<\/h2>\t\t\t\t<\/div>\n\t\t\t\t<\/div>\n\t\t\t\t\t<\/div>\n\t\t<\/div>\n\t\t\t\t\t<\/div>\n\t\t<\/section>\n\t\t\t\t<section class=\"elementor-section elementor-top-section elementor-element elementor-element-90cb8aa elementor-section-boxed elementor-section-height-default elementor-section-height-default\" data-id=\"90cb8aa\" data-element_type=\"section\" data-e-type=\"section\">\n\t\t\t\t\t\t<div class=\"elementor-container elementor-column-gap-default\">\n\t\t\t\t\t<div class=\"elementor-column elementor-col-50 elementor-top-column elementor-element elementor-element-e72bfc7\" data-id=\"e72bfc7\" data-element_type=\"column\" data-e-type=\"column\">\n\t\t\t<div class=\"elementor-widget-wrap elementor-element-populated\">\n\t\t\t\t\t\t<div class=\"elementor-element elementor-element-b94eb1a elementor-widget elementor-widget-text-editor\" data-id=\"b94eb1a\" data-element_type=\"widget\" data-e-type=\"widget\" data-widget_type=\"text-editor.default\">\n\t\t\t\t<div class=\"elementor-widget-container\">\n\t\t\t\t\t\t\t\t\t<p>En septiembre 2021 abriremos nuestro primer masterclass sobre refrigeraci\u00f3n y horneado al vac\u00edo. Daremos una introducci\u00f3n a los principios de refrigeraci\u00f3n y horneado al vac\u00edo.<\/p><p>Puede <a href=\"https:\/\/www.vacuumcooling.com\/es\/contacto\/\">contactarnos<\/a> para m\u00e1s informaci\u00f3n.<\/p>\t\t\t\t\t\t\t\t<\/div>\n\t\t\t\t<\/div>\n\t\t\t\t\t<\/div>\n\t\t<\/div>\n\t\t\t\t<div class=\"elementor-column elementor-col-50 elementor-top-column elementor-element elementor-element-d6e2c42\" data-id=\"d6e2c42\" data-element_type=\"column\" data-e-type=\"column\">\n\t\t\t<div class=\"elementor-widget-wrap\">\n\t\t\t\t\t\t\t<\/div>\n\t\t<\/div>\n\t\t\t\t\t<\/div>\n\t\t<\/section>\n\t\t\t\t<section class=\"elementor-section elementor-top-section elementor-element elementor-element-32ca2ed elementor-section-boxed elementor-section-height-default elementor-section-height-default\" data-id=\"32ca2ed\" data-element_type=\"section\" data-e-type=\"section\">\n\t\t\t\t\t\t<div class=\"elementor-container elementor-column-gap-default\">\n\t\t\t\t\t<div class=\"elementor-column elementor-col-100 elementor-top-column elementor-element elementor-element-390005f\" data-id=\"390005f\" data-element_type=\"column\" data-e-type=\"column\">\n\t\t\t<div class=\"elementor-widget-wrap elementor-element-populated\">\n\t\t\t\t\t\t<div class=\"elementor-element elementor-element-aa14cf4 din elementor-widget elementor-widget-heading\" data-id=\"aa14cf4\" data-element_type=\"widget\" data-e-type=\"widget\" data-widget_type=\"heading.default\">\n\t\t\t\t<div class=\"elementor-widget-container\">\n\t\t\t\t\t<h2 class=\"elementor-heading-title elementor-size-default\">Para resultados perfectos tiene que estar preparado para abordar el proceso de horneado, con una mente abierta y estar dispuesto a realizar ajustes en los ingredientes<\/h2>\t\t\t\t<\/div>\n\t\t\t\t<\/div>\n\t\t\t\t<div class=\"elementor-element elementor-element-298c5bc elementor-widget elementor-widget-spacer\" data-id=\"298c5bc\" data-element_type=\"widget\" data-e-type=\"widget\" data-widget_type=\"spacer.default\">\n\t\t\t\t<div class=\"elementor-widget-container\">\n\t\t\t\t\t\t\t<div class=\"elementor-spacer\">\n\t\t\t<div class=\"elementor-spacer-inner\"><\/div>\n\t\t<\/div>\n\t\t\t\t\t\t<\/div>\n\t\t\t\t<\/div>\n\t\t\t\t\t<\/div>\n\t\t<\/div>\n\t\t\t\t\t<\/div>\n\t\t<\/section>\n\t\t\t\t<section class=\"elementor-section elementor-top-section elementor-element elementor-element-f9a8a4c elementor-section-boxed elementor-section-height-default elementor-section-height-default\" data-id=\"f9a8a4c\" data-element_type=\"section\" data-e-type=\"section\">\n\t\t\t\t\t\t<div class=\"elementor-container elementor-column-gap-default\">\n\t\t\t\t\t<div class=\"elementor-column elementor-col-100 elementor-top-column elementor-element elementor-element-e30203c\" data-id=\"e30203c\" data-element_type=\"column\" data-e-type=\"column\">\n\t\t\t<div class=\"elementor-widget-wrap elementor-element-populated\">\n\t\t\t\t\t\t<div class=\"elementor-element elementor-element-bece1f0 elementor-widget elementor-widget-image\" data-id=\"bece1f0\" data-element_type=\"widget\" data-e-type=\"widget\" data-widget_type=\"image.default\">\n\t\t\t\t<div class=\"elementor-widget-container\">\n\t\t\t\t\t\t\t\t\t\t\t\t\t\t\t<img fetchpriority=\"high\" decoding=\"async\" width=\"2500\" height=\"530\" src=\"https:\/\/www.vacuumcooling.com\/wp-content\/uploads\/2020\/05\/VC-B-Academy.jpg\" class=\"attachment-full size-full wp-image-2948\" alt=\"Vacuum cooled products\" srcset=\"https:\/\/www.vacuumcooling.com\/wp-content\/uploads\/2020\/05\/VC-B-Academy.jpg 2500w, https:\/\/www.vacuumcooling.com\/wp-content\/uploads\/2020\/05\/VC-B-Academy-300x64.jpg 300w, https:\/\/www.vacuumcooling.com\/wp-content\/uploads\/2020\/05\/VC-B-Academy-1024x217.jpg 1024w, https:\/\/www.vacuumcooling.com\/wp-content\/uploads\/2020\/05\/VC-B-Academy-768x163.jpg 768w, https:\/\/www.vacuumcooling.com\/wp-content\/uploads\/2020\/05\/VC-B-Academy-1536x326.jpg 1536w, https:\/\/www.vacuumcooling.com\/wp-content\/uploads\/2020\/05\/VC-B-Academy-2048x434.jpg 2048w, https:\/\/www.vacuumcooling.com\/wp-content\/uploads\/2020\/05\/VC-B-Academy-700x148.jpg 700w\" sizes=\"(max-width: 2500px) 100vw, 2500px\" \/>\t\t\t\t\t\t\t\t\t\t\t\t\t\t\t<\/div>\n\t\t\t\t<\/div>\n\t\t\t\t\t<\/div>\n\t\t<\/div>\n\t\t\t\t\t<\/div>\n\t\t<\/section>\n\t\t\t\t<section class=\"elementor-section elementor-top-section elementor-element elementor-element-d816ffb elementor-section-boxed elementor-section-height-default elementor-section-height-default\" data-id=\"d816ffb\" data-element_type=\"section\" data-e-type=\"section\">\n\t\t\t\t\t\t<div class=\"elementor-container elementor-column-gap-default\">\n\t\t\t\t\t<div class=\"elementor-column elementor-col-100 elementor-top-column elementor-element elementor-element-85d4345\" data-id=\"85d4345\" data-element_type=\"column\" data-e-type=\"column\">\n\t\t\t<div class=\"elementor-widget-wrap elementor-element-populated\">\n\t\t\t\t\t\t<div class=\"elementor-element elementor-element-2a15d23 elementor-widget elementor-widget-spacer\" data-id=\"2a15d23\" data-element_type=\"widget\" data-e-type=\"widget\" data-widget_type=\"spacer.default\">\n\t\t\t\t<div class=\"elementor-widget-container\">\n\t\t\t\t\t\t\t<div class=\"elementor-spacer\">\n\t\t\t<div class=\"elementor-spacer-inner\"><\/div>\n\t\t<\/div>\n\t\t\t\t\t\t<\/div>\n\t\t\t\t<\/div>\n\t\t\t\t\t<\/div>\n\t\t<\/div>\n\t\t\t\t\t<\/div>\n\t\t<\/section>\n\t\t\t\t<section class=\"elementor-section elementor-top-section elementor-element elementor-element-15276d0 elementor-section-boxed elementor-section-height-default elementor-section-height-default\" data-id=\"15276d0\" data-element_type=\"section\" data-e-type=\"section\">\n\t\t\t\t\t\t<div class=\"elementor-container elementor-column-gap-default\">\n\t\t\t\t\t<div class=\"elementor-column elementor-col-100 elementor-top-column elementor-element elementor-element-be79446\" data-id=\"be79446\" data-element_type=\"column\" data-e-type=\"column\">\n\t\t\t<div class=\"elementor-widget-wrap\">\n\t\t\t\t\t\t\t<\/div>\n\t\t<\/div>\n\t\t\t\t\t<\/div>\n\t\t<\/section>\n\t\t\t\t<\/div>\n\t\t","protected":false},"excerpt":{"rendered":"<p>ACADEMIA VC&#038;B En septiembre 2021 abriremos nuestro primer masterclass sobre refrigeraci\u00f3n y horneado al vac\u00edo. Daremos una introducci\u00f3n a los principios de refrigeraci\u00f3n y horneado al vac\u00edo. Puede contactarnos para m\u00e1s informaci\u00f3n. Para resultados perfectos tiene que estar preparado para abordar el proceso de horneado,&#8230;<\/p>\n","protected":false},"author":7,"featured_media":0,"parent":0,"menu_order":0,"comment_status":"closed","ping_status":"closed","template":"full_width.php","meta":{"footnotes":""},"class_list":["post-2315","page","type-page","status-publish","hentry"],"yoast_head":"<!-- This site is optimized with the Yoast SEO Premium plugin v27.5 (Yoast SEO v27.5) - https:\/\/yoast.com\/product\/yoast-seo-premium-wordpress\/ -->\n<title>VC&amp;B Academia - Vacuum Cooling &amp; Baking Solutions<\/title>\n<meta name=\"robots\" content=\"index, follow, max-snippet:-1, max-image-preview:large, max-video-preview:-1\" \/>\n<link rel=\"canonical\" href=\"https:\/\/www.vacuumcooling.com\/es\/vcb-academia\/\" \/>\n<meta property=\"og:locale\" content=\"es_ES\" \/>\n<meta property=\"og:type\" content=\"article\" \/>\n<meta property=\"og:title\" content=\"VC&amp;B Academia\" \/>\n<meta property=\"og:description\" content=\"ACADEMIA VC&#038;B En septiembre 2021 abriremos nuestro primer masterclass sobre refrigeraci\u00f3n y horneado al vac\u00edo. Daremos una introducci\u00f3n a los principios de refrigeraci\u00f3n y horneado al vac\u00edo. Puede contactarnos para m\u00e1s informaci\u00f3n. Para resultados perfectos tiene que estar preparado para abordar el proceso de horneado,...\" \/>\n<meta property=\"og:url\" content=\"https:\/\/www.vacuumcooling.com\/es\/vcb-academia\/\" \/>\n<meta property=\"og:site_name\" content=\"Vacuum Cooling &amp; Baking Solutions\" \/>\n<meta property=\"article:modified_time\" content=\"2021-02-03T08:14:50+00:00\" \/>\n<meta property=\"og:image\" content=\"https:\/\/www.vacuumcooling.com\/wp-content\/uploads\/2020\/05\/VC-B-Academy.jpg\" \/>\n<meta name=\"twitter:card\" content=\"summary_large_image\" \/>\n<script type=\"application\/ld+json\" class=\"yoast-schema-graph\">{\"@context\":\"https:\\\/\\\/schema.org\",\"@graph\":[{\"@type\":\"WebPage\",\"@id\":\"https:\\\/\\\/www.vacuumcooling.com\\\/es\\\/vcb-academia\\\/\",\"url\":\"https:\\\/\\\/www.vacuumcooling.com\\\/es\\\/vcb-academia\\\/\",\"name\":\"VC&B Academia - Vacuum Cooling &amp; Baking Solutions\",\"isPartOf\":{\"@id\":\"https:\\\/\\\/www.vacuumcooling.com\\\/#website\"},\"primaryImageOfPage\":{\"@id\":\"https:\\\/\\\/www.vacuumcooling.com\\\/es\\\/vcb-academia\\\/#primaryimage\"},\"image\":{\"@id\":\"https:\\\/\\\/www.vacuumcooling.com\\\/es\\\/vcb-academia\\\/#primaryimage\"},\"thumbnailUrl\":\"https:\\\/\\\/www.vacuumcooling.com\\\/wp-content\\\/uploads\\\/2020\\\/05\\\/VC-B-Academy.jpg\",\"datePublished\":\"2020-06-29T10:01:21+00:00\",\"dateModified\":\"2021-02-03T08:14:50+00:00\",\"breadcrumb\":{\"@id\":\"https:\\\/\\\/www.vacuumcooling.com\\\/es\\\/vcb-academia\\\/#breadcrumb\"},\"inLanguage\":\"es\",\"potentialAction\":[{\"@type\":\"ReadAction\",\"target\":[\"https:\\\/\\\/www.vacuumcooling.com\\\/es\\\/vcb-academia\\\/\"]}]},{\"@type\":\"ImageObject\",\"inLanguage\":\"es\",\"@id\":\"https:\\\/\\\/www.vacuumcooling.com\\\/es\\\/vcb-academia\\\/#primaryimage\",\"url\":\"https:\\\/\\\/www.vacuumcooling.com\\\/wp-content\\\/uploads\\\/2020\\\/05\\\/VC-B-Academy.jpg\",\"contentUrl\":\"https:\\\/\\\/www.vacuumcooling.com\\\/wp-content\\\/uploads\\\/2020\\\/05\\\/VC-B-Academy.jpg\"},{\"@type\":\"BreadcrumbList\",\"@id\":\"https:\\\/\\\/www.vacuumcooling.com\\\/es\\\/vcb-academia\\\/#breadcrumb\",\"itemListElement\":[{\"@type\":\"ListItem\",\"position\":1,\"name\":\"Home\",\"item\":\"https:\\\/\\\/www.vacuumcooling.com\\\/es\\\/\"},{\"@type\":\"ListItem\",\"position\":2,\"name\":\"VC&#038;B Academia\"}]},{\"@type\":\"WebSite\",\"@id\":\"https:\\\/\\\/www.vacuumcooling.com\\\/#website\",\"url\":\"https:\\\/\\\/www.vacuumcooling.com\\\/\",\"name\":\"Vacuum Cooling &amp; Baking Solutions\",\"description\":\"Vacuum Cooling &amp; Baking Solutions\",\"potentialAction\":[{\"@type\":\"SearchAction\",\"target\":{\"@type\":\"EntryPoint\",\"urlTemplate\":\"https:\\\/\\\/www.vacuumcooling.com\\\/?s={search_term_string}\"},\"query-input\":{\"@type\":\"PropertyValueSpecification\",\"valueRequired\":true,\"valueName\":\"search_term_string\"}}],\"inLanguage\":\"es\"}]}<\/script>\n<!-- \/ Yoast SEO Premium plugin. -->","yoast_head_json":{"title":"VC&B Academia - Vacuum Cooling &amp; Baking Solutions","robots":{"index":"index","follow":"follow","max-snippet":"max-snippet:-1","max-image-preview":"max-image-preview:large","max-video-preview":"max-video-preview:-1"},"canonical":"https:\/\/www.vacuumcooling.com\/es\/vcb-academia\/","og_locale":"es_ES","og_type":"article","og_title":"VC&B Academia","og_description":"ACADEMIA VC&#038;B En septiembre 2021 abriremos nuestro primer masterclass sobre refrigeraci\u00f3n y horneado al vac\u00edo. Daremos una introducci\u00f3n a los principios de refrigeraci\u00f3n y horneado al vac\u00edo. Puede contactarnos para m\u00e1s informaci\u00f3n. Para resultados perfectos tiene que estar preparado para abordar el proceso de horneado,...","og_url":"https:\/\/www.vacuumcooling.com\/es\/vcb-academia\/","og_site_name":"Vacuum Cooling &amp; Baking Solutions","article_modified_time":"2021-02-03T08:14:50+00:00","og_image":[{"url":"https:\/\/www.vacuumcooling.com\/wp-content\/uploads\/2020\/05\/VC-B-Academy.jpg","type":"","width":"","height":""}],"twitter_card":"summary_large_image","schema":{"@context":"https:\/\/schema.org","@graph":[{"@type":"WebPage","@id":"https:\/\/www.vacuumcooling.com\/es\/vcb-academia\/","url":"https:\/\/www.vacuumcooling.com\/es\/vcb-academia\/","name":"VC&B Academia - Vacuum Cooling &amp; Baking Solutions","isPartOf":{"@id":"https:\/\/www.vacuumcooling.com\/#website"},"primaryImageOfPage":{"@id":"https:\/\/www.vacuumcooling.com\/es\/vcb-academia\/#primaryimage"},"image":{"@id":"https:\/\/www.vacuumcooling.com\/es\/vcb-academia\/#primaryimage"},"thumbnailUrl":"https:\/\/www.vacuumcooling.com\/wp-content\/uploads\/2020\/05\/VC-B-Academy.jpg","datePublished":"2020-06-29T10:01:21+00:00","dateModified":"2021-02-03T08:14:50+00:00","breadcrumb":{"@id":"https:\/\/www.vacuumcooling.com\/es\/vcb-academia\/#breadcrumb"},"inLanguage":"es","potentialAction":[{"@type":"ReadAction","target":["https:\/\/www.vacuumcooling.com\/es\/vcb-academia\/"]}]},{"@type":"ImageObject","inLanguage":"es","@id":"https:\/\/www.vacuumcooling.com\/es\/vcb-academia\/#primaryimage","url":"https:\/\/www.vacuumcooling.com\/wp-content\/uploads\/2020\/05\/VC-B-Academy.jpg","contentUrl":"https:\/\/www.vacuumcooling.com\/wp-content\/uploads\/2020\/05\/VC-B-Academy.jpg"},{"@type":"BreadcrumbList","@id":"https:\/\/www.vacuumcooling.com\/es\/vcb-academia\/#breadcrumb","itemListElement":[{"@type":"ListItem","position":1,"name":"Home","item":"https:\/\/www.vacuumcooling.com\/es\/"},{"@type":"ListItem","position":2,"name":"VC&#038;B Academia"}]},{"@type":"WebSite","@id":"https:\/\/www.vacuumcooling.com\/#website","url":"https:\/\/www.vacuumcooling.com\/","name":"Vacuum Cooling &amp; Baking Solutions","description":"Vacuum Cooling &amp; Baking Solutions","potentialAction":[{"@type":"SearchAction","target":{"@type":"EntryPoint","urlTemplate":"https:\/\/www.vacuumcooling.com\/?s={search_term_string}"},"query-input":{"@type":"PropertyValueSpecification","valueRequired":true,"valueName":"search_term_string"}}],"inLanguage":"es"}]}},"_links":{"self":[{"href":"https:\/\/www.vacuumcooling.com\/es\/wp-json\/wp\/v2\/pages\/2315","targetHints":{"allow":["GET"]}}],"collection":[{"href":"https:\/\/www.vacuumcooling.com\/es\/wp-json\/wp\/v2\/pages"}],"about":[{"href":"https:\/\/www.vacuumcooling.com\/es\/wp-json\/wp\/v2\/types\/page"}],"author":[{"embeddable":true,"href":"https:\/\/www.vacuumcooling.com\/es\/wp-json\/wp\/v2\/users\/7"}],"replies":[{"embeddable":true,"href":"https:\/\/www.vacuumcooling.com\/es\/wp-json\/wp\/v2\/comments?post=2315"}],"version-history":[{"count":0,"href":"https:\/\/www.vacuumcooling.com\/es\/wp-json\/wp\/v2\/pages\/2315\/revisions"}],"wp:attachment":[{"href":"https:\/\/www.vacuumcooling.com\/es\/wp-json\/wp\/v2\/media?parent=2315"}],"curies":[{"name":"wp","href":"https:\/\/api.w.org\/{rel}","templated":true}]}}