{"id":2163,"date":"2020-06-29T09:46:55","date_gmt":"2020-06-29T09:46:55","guid":{"rendered":"https:\/\/www.vacuumcooling.com\/?page_id=2163"},"modified":"2020-10-23T13:52:08","modified_gmt":"2020-10-23T13:52:08","slug":"over-ons","status":"publish","type":"page","link":"https:\/\/www.vacuumcooling.com\/nl\/over-ons\/","title":{"rendered":"Over ons"},"content":{"rendered":"\t\t<div data-elementor-type=\"wp-page\" data-elementor-id=\"2163\" class=\"elementor elementor-2163\" data-elementor-post-type=\"page\">\n\t\t\t\t\t\t<section class=\"elementor-section elementor-top-section elementor-element elementor-element-4da977d elementor-section-boxed elementor-section-height-default elementor-section-height-default\" data-id=\"4da977d\" data-element_type=\"section\" data-e-type=\"section\">\n\t\t\t\t\t\t<div class=\"elementor-container elementor-column-gap-default\">\n\t\t\t\t\t<div class=\"elementor-column elementor-col-100 elementor-top-column elementor-element elementor-element-cbd224f\" data-id=\"cbd224f\" data-element_type=\"column\" data-e-type=\"column\">\n\t\t\t<div class=\"elementor-widget-wrap elementor-element-populated\">\n\t\t\t\t\t\t<div class=\"elementor-element elementor-element-c447228 elementor-widget elementor-widget-image\" data-id=\"c447228\" data-element_type=\"widget\" data-e-type=\"widget\" data-widget_type=\"image.default\">\n\t\t\t\t<div class=\"elementor-widget-container\">\n\t\t\t\t\t\t\t\t\t\t\t\t\t\t\t<img fetchpriority=\"high\" decoding=\"async\" width=\"2400\" height=\"1070\" src=\"https:\/\/www.vacuumcooling.com\/wp-content\/uploads\/2020\/05\/pandnew-belettering-b.jpg\" class=\"attachment-full size-full wp-image-2594\" alt=\"\" srcset=\"https:\/\/www.vacuumcooling.com\/wp-content\/uploads\/2020\/05\/pandnew-belettering-b.jpg 2400w, https:\/\/www.vacuumcooling.com\/wp-content\/uploads\/2020\/05\/pandnew-belettering-b-300x134.jpg 300w, https:\/\/www.vacuumcooling.com\/wp-content\/uploads\/2020\/05\/pandnew-belettering-b-1024x457.jpg 1024w, https:\/\/www.vacuumcooling.com\/wp-content\/uploads\/2020\/05\/pandnew-belettering-b-768x342.jpg 768w, https:\/\/www.vacuumcooling.com\/wp-content\/uploads\/2020\/05\/pandnew-belettering-b-1536x685.jpg 1536w, https:\/\/www.vacuumcooling.com\/wp-content\/uploads\/2020\/05\/pandnew-belettering-b-2048x913.jpg 2048w, https:\/\/www.vacuumcooling.com\/wp-content\/uploads\/2020\/05\/pandnew-belettering-b-700x312.jpg 700w\" sizes=\"(max-width: 2400px) 100vw, 2400px\" \/>\t\t\t\t\t\t\t\t\t\t\t\t\t\t\t<\/div>\n\t\t\t\t<\/div>\n\t\t\t\t<div class=\"elementor-element elementor-element-55e5c10 din elementor-widget elementor-widget-heading\" data-id=\"55e5c10\" data-element_type=\"widget\" data-e-type=\"widget\" data-widget_type=\"heading.default\">\n\t\t\t\t<div class=\"elementor-widget-container\">\n\t\t\t\t\t<h2 class=\"elementor-heading-title elementor-size-default\">About us<\/h2>\t\t\t\t<\/div>\n\t\t\t\t<\/div>\n\t\t\t\t\t<\/div>\n\t\t<\/div>\n\t\t\t\t\t<\/div>\n\t\t<\/section>\n\t\t\t\t<section class=\"elementor-section elementor-top-section elementor-element elementor-element-5b95e94 elementor-section-boxed elementor-section-height-default elementor-section-height-default\" data-id=\"5b95e94\" data-element_type=\"section\" data-e-type=\"section\">\n\t\t\t\t\t\t<div class=\"elementor-container elementor-column-gap-default\">\n\t\t\t\t\t<div class=\"elementor-column elementor-col-50 elementor-top-column elementor-element elementor-element-5f18440\" data-id=\"5f18440\" data-element_type=\"column\" data-e-type=\"column\">\n\t\t\t<div class=\"elementor-widget-wrap elementor-element-populated\">\n\t\t\t\t\t\t<div class=\"elementor-element elementor-element-8667b05 elementor-widget elementor-widget-text-editor\" data-id=\"8667b05\" data-element_type=\"widget\" data-e-type=\"widget\" data-widget_type=\"text-editor.default\">\n\t\t\t\t<div class=\"elementor-widget-container\">\n\t\t\t\t\t\t\t\t\t<p>Vacuum Cooling &amp; Baking Solutions, een bedrijf gevestigd in Oss, is onderdeel van Verhoeven Bakery Equipment Family en is wereldwijd toonaangevend op het gebied van systemen voor vacu\u00fcm koelen &amp; bakken voor de bakkerij-industrie.<\/p><p>\u00a0<\/p><p>Onze specialisten van het <a href=\"https:\/\/www.vacuumcooling.com\/nl\/v-team\/\">V-team (Vacuum Cooling &amp; Baking-team)<\/a> zijn het kloppende hart van Vacuum Cooling &amp; Baking Solutions. Het team heeft tientallen jaren aan kennis op het gebied van zowel techniek als voedseltechnologie, wat uniek is in de industrie, om te zorgen voor een betere productie op de internationale voedselmarkten. <a href=\"https:\/\/www.vacuumcooling.com\/nl\/v-team\/\">Patrick Duss, \u201cMr. Vacuum<\/a>\u201d, is een van onze trotse ambassadeurs.<\/p><p>\u00a0<\/p><p>We hebben klanten in verschillende food en non-food segmenten, en industri\u00eble bakkerijen zien ons als wereldmarktleider. vacu\u00fcm koelen &amp; bakken kan de kwaliteit en productie van verschillende voedselcategorie\u00ebn aanzienlijk verbeteren, en kan zelfs bijdragen aan een langere houdbaarheid van producten.<\/p><p>\u00a0<\/p><p>Bij Verhoeven Bakery Equipment Family vormt onze meer dan 20 jaar kennis van deeg en deegproducten de basis van onze productie. Daarnaast hebben we ook nog 50 jaar ervaring en kennis op het gebied van machineontwikkeling en -productie.<\/p><p>\u00a0<\/p><p>Al onze machines worden op maat gemaakt op basis van uw vereisten en beschikbare productieruimte. Vacuum Cooling &amp; Baking Solutions kan de vacu\u00fcmkoeltechnologie op industri\u00eble schaal toepassen en integreren.<\/p><p>\u00a0<\/p><p>Wilt u bespreken hoe Vacuum Cooling &amp; Baking Solutions uw industri\u00eble bakkerij van dienst kan zijn? Neem dan vandaag nog <a href=\"https:\/\/www.vacuumcooling.com\/nl\/contact\/\">contact<\/a> met ons op!<\/p>\t\t\t\t\t\t\t\t<\/div>\n\t\t\t\t<\/div>\n\t\t\t\t<div class=\"elementor-element elementor-element-7251ca9 elementor-widget elementor-widget-spacer\" data-id=\"7251ca9\" data-element_type=\"widget\" data-e-type=\"widget\" data-widget_type=\"spacer.default\">\n\t\t\t\t<div class=\"elementor-widget-container\">\n\t\t\t\t\t\t\t<div class=\"elementor-spacer\">\n\t\t\t<div class=\"elementor-spacer-inner\"><\/div>\n\t\t<\/div>\n\t\t\t\t\t\t<\/div>\n\t\t\t\t<\/div>\n\t\t\t\t\t<\/div>\n\t\t<\/div>\n\t\t\t\t<div class=\"elementor-column elementor-col-50 elementor-top-column elementor-element elementor-element-8057cd0\" data-id=\"8057cd0\" data-element_type=\"column\" data-e-type=\"column\">\n\t\t\t<div class=\"elementor-widget-wrap\">\n\t\t\t\t\t\t\t<\/div>\n\t\t<\/div>\n\t\t\t\t\t<\/div>\n\t\t<\/section>\n\t\t\t\t<section class=\"elementor-section elementor-top-section elementor-element elementor-element-90cb8aa elementor-section-boxed elementor-section-height-default elementor-section-height-default\" data-id=\"90cb8aa\" data-element_type=\"section\" data-e-type=\"section\">\n\t\t\t\t\t\t<div class=\"elementor-container elementor-column-gap-default\">\n\t\t\t\t\t<div class=\"elementor-column elementor-col-100 elementor-top-column elementor-element elementor-element-e72bfc7\" data-id=\"e72bfc7\" data-element_type=\"column\" data-e-type=\"column\">\n\t\t\t<div class=\"elementor-widget-wrap\">\n\t\t\t\t\t\t\t<\/div>\n\t\t<\/div>\n\t\t\t\t\t<\/div>\n\t\t<\/section>\n\t\t\t\t<section class=\"elementor-section elementor-top-section elementor-element elementor-element-5f8af27 elementor-section-boxed elementor-section-height-default elementor-section-height-default\" data-id=\"5f8af27\" data-element_type=\"section\" data-e-type=\"section\">\n\t\t\t\t\t\t<div class=\"elementor-container elementor-column-gap-default\">\n\t\t\t\t\t<div class=\"elementor-column elementor-col-100 elementor-top-column elementor-element elementor-element-8e8a815\" data-id=\"8e8a815\" data-element_type=\"column\" data-e-type=\"column\">\n\t\t\t<div class=\"elementor-widget-wrap elementor-element-populated\">\n\t\t\t\t\t\t<div class=\"elementor-element elementor-element-0a3b44c elementor-widget elementor-widget-image\" data-id=\"0a3b44c\" data-element_type=\"widget\" data-e-type=\"widget\" data-widget_type=\"image.default\">\n\t\t\t\t<div class=\"elementor-widget-container\">\n\t\t\t\t\t\t\t\t\t\t\t\t\t\t\t<img decoding=\"async\" width=\"1400\" height=\"297\" src=\"https:\/\/www.vacuumcooling.com\/wp-content\/uploads\/2020\/05\/slider-about-us.jpg\" class=\"attachment-full size-full wp-image-2593\" alt=\"\" srcset=\"https:\/\/www.vacuumcooling.com\/wp-content\/uploads\/2020\/05\/slider-about-us.jpg 1400w, https:\/\/www.vacuumcooling.com\/wp-content\/uploads\/2020\/05\/slider-about-us-300x64.jpg 300w, https:\/\/www.vacuumcooling.com\/wp-content\/uploads\/2020\/05\/slider-about-us-1024x217.jpg 1024w, https:\/\/www.vacuumcooling.com\/wp-content\/uploads\/2020\/05\/slider-about-us-768x163.jpg 768w, https:\/\/www.vacuumcooling.com\/wp-content\/uploads\/2020\/05\/slider-about-us-700x149.jpg 700w\" sizes=\"(max-width: 1400px) 100vw, 1400px\" \/>\t\t\t\t\t\t\t\t\t\t\t\t\t\t\t<\/div>\n\t\t\t\t<\/div>\n\t\t\t\t<div class=\"elementor-element elementor-element-e669fe6 elementor-widget elementor-widget-spacer\" data-id=\"e669fe6\" data-element_type=\"widget\" data-e-type=\"widget\" data-widget_type=\"spacer.default\">\n\t\t\t\t<div class=\"elementor-widget-container\">\n\t\t\t\t\t\t\t<div class=\"elementor-spacer\">\n\t\t\t<div class=\"elementor-spacer-inner\"><\/div>\n\t\t<\/div>\n\t\t\t\t\t\t<\/div>\n\t\t\t\t<\/div>\n\t\t\t\t\t<\/div>\n\t\t<\/div>\n\t\t\t\t\t<\/div>\n\t\t<\/section>\n\t\t\t\t<\/div>\n\t\t","protected":false},"excerpt":{"rendered":"<p>About us Vacuum Cooling &amp; Baking Solutions, een bedrijf gevestigd in Oss, is onderdeel van Verhoeven Bakery Equipment Family en is wereldwijd toonaangevend op het gebied van systemen voor vacu\u00fcm koelen &amp; bakken voor de bakkerij-industrie. \u00a0 Onze specialisten van het V-team (Vacuum Cooling &amp;&#8230;<\/p>\n","protected":false},"author":7,"featured_media":0,"parent":0,"menu_order":0,"comment_status":"closed","ping_status":"closed","template":"full_width.php","meta":{"footnotes":""},"class_list":["post-2163","page","type-page","status-publish","hentry"],"yoast_head":"<!-- This site is optimized with the Yoast SEO Premium plugin v27.1 (Yoast SEO v27.2) - https:\/\/yoast.com\/product\/yoast-seo-premium-wordpress\/ -->\n<title>Over ons - Vacuum Cooling &amp; Baking Solutions<\/title>\n<meta name=\"robots\" content=\"index, follow, max-snippet:-1, max-image-preview:large, max-video-preview:-1\" \/>\n<link rel=\"canonical\" href=\"https:\/\/www.vacuumcooling.com\/nl\/over-ons\/\" \/>\n<meta property=\"og:locale\" content=\"nl_NL\" \/>\n<meta property=\"og:type\" content=\"article\" \/>\n<meta property=\"og:title\" content=\"Over ons\" \/>\n<meta property=\"og:description\" content=\"About us Vacuum Cooling &amp; Baking Solutions, een bedrijf gevestigd in Oss, is onderdeel van Verhoeven Bakery Equipment Family en is wereldwijd toonaangevend op het gebied van systemen voor vacu\u00fcm koelen &amp; bakken voor de bakkerij-industrie. \u00a0 Onze specialisten van het V-team (Vacuum Cooling &amp;...\" \/>\n<meta property=\"og:url\" content=\"https:\/\/www.vacuumcooling.com\/nl\/over-ons\/\" \/>\n<meta property=\"og:site_name\" content=\"Vacuum Cooling &amp; Baking Solutions\" \/>\n<meta property=\"article:modified_time\" content=\"2020-10-23T13:52:08+00:00\" \/>\n<meta property=\"og:image\" content=\"https:\/\/www.vacuumcooling.com\/wp-content\/uploads\/2020\/05\/pandnew-belettering-b.jpg\" \/>\n<meta name=\"twitter:card\" content=\"summary_large_image\" \/>\n<meta name=\"twitter:label1\" content=\"Geschatte leestijd\" \/>\n\t<meta name=\"twitter:data1\" content=\"1 minuut\" \/>\n<script type=\"application\/ld+json\" class=\"yoast-schema-graph\">{\"@context\":\"https:\/\/schema.org\",\"@graph\":[{\"@type\":\"WebPage\",\"@id\":\"https:\/\/www.vacuumcooling.com\/nl\/over-ons\/\",\"url\":\"https:\/\/www.vacuumcooling.com\/nl\/over-ons\/\",\"name\":\"Over ons - Vacuum Cooling &amp; Baking Solutions\",\"isPartOf\":{\"@id\":\"https:\/\/www.vacuumcooling.com\/#website\"},\"primaryImageOfPage\":{\"@id\":\"https:\/\/www.vacuumcooling.com\/nl\/over-ons\/#primaryimage\"},\"image\":{\"@id\":\"https:\/\/www.vacuumcooling.com\/nl\/over-ons\/#primaryimage\"},\"thumbnailUrl\":\"https:\/\/www.vacuumcooling.com\/wp-content\/uploads\/2020\/05\/pandnew-belettering-b.jpg\",\"datePublished\":\"2020-06-29T09:46:55+00:00\",\"dateModified\":\"2020-10-23T13:52:08+00:00\",\"breadcrumb\":{\"@id\":\"https:\/\/www.vacuumcooling.com\/nl\/over-ons\/#breadcrumb\"},\"inLanguage\":\"nl-NL\",\"potentialAction\":[{\"@type\":\"ReadAction\",\"target\":[\"https:\/\/www.vacuumcooling.com\/nl\/over-ons\/\"]}]},{\"@type\":\"ImageObject\",\"inLanguage\":\"nl-NL\",\"@id\":\"https:\/\/www.vacuumcooling.com\/nl\/over-ons\/#primaryimage\",\"url\":\"https:\/\/www.vacuumcooling.com\/wp-content\/uploads\/2020\/05\/pandnew-belettering-b.jpg\",\"contentUrl\":\"https:\/\/www.vacuumcooling.com\/wp-content\/uploads\/2020\/05\/pandnew-belettering-b.jpg\"},{\"@type\":\"BreadcrumbList\",\"@id\":\"https:\/\/www.vacuumcooling.com\/nl\/over-ons\/#breadcrumb\",\"itemListElement\":[{\"@type\":\"ListItem\",\"position\":1,\"name\":\"Home\",\"item\":\"https:\/\/www.vacuumcooling.com\/nl\/\"},{\"@type\":\"ListItem\",\"position\":2,\"name\":\"Over ons\"}]},{\"@type\":\"WebSite\",\"@id\":\"https:\/\/www.vacuumcooling.com\/#website\",\"url\":\"https:\/\/www.vacuumcooling.com\/\",\"name\":\"Vacuum Cooling &amp; Baking Solutions\",\"description\":\"Vacuum Cooling &amp; Baking Solutions\",\"potentialAction\":[{\"@type\":\"SearchAction\",\"target\":{\"@type\":\"EntryPoint\",\"urlTemplate\":\"https:\/\/www.vacuumcooling.com\/?s={search_term_string}\"},\"query-input\":{\"@type\":\"PropertyValueSpecification\",\"valueRequired\":true,\"valueName\":\"search_term_string\"}}],\"inLanguage\":\"nl-NL\"}]}<\/script>\n<!-- \/ Yoast SEO Premium plugin. -->","yoast_head_json":{"title":"Over ons - Vacuum Cooling &amp; Baking Solutions","robots":{"index":"index","follow":"follow","max-snippet":"max-snippet:-1","max-image-preview":"max-image-preview:large","max-video-preview":"max-video-preview:-1"},"canonical":"https:\/\/www.vacuumcooling.com\/nl\/over-ons\/","og_locale":"nl_NL","og_type":"article","og_title":"Over ons","og_description":"About us Vacuum Cooling &amp; Baking Solutions, een bedrijf gevestigd in Oss, is onderdeel van Verhoeven Bakery Equipment Family en is wereldwijd toonaangevend op het gebied van systemen voor vacu\u00fcm koelen &amp; bakken voor de bakkerij-industrie. \u00a0 Onze specialisten van het V-team (Vacuum Cooling &amp;...","og_url":"https:\/\/www.vacuumcooling.com\/nl\/over-ons\/","og_site_name":"Vacuum Cooling &amp; Baking Solutions","article_modified_time":"2020-10-23T13:52:08+00:00","og_image":[{"url":"https:\/\/www.vacuumcooling.com\/wp-content\/uploads\/2020\/05\/pandnew-belettering-b.jpg","type":"","width":"","height":""}],"twitter_card":"summary_large_image","twitter_misc":{"Geschatte leestijd":"1 minuut"},"schema":{"@context":"https:\/\/schema.org","@graph":[{"@type":"WebPage","@id":"https:\/\/www.vacuumcooling.com\/nl\/over-ons\/","url":"https:\/\/www.vacuumcooling.com\/nl\/over-ons\/","name":"Over ons - Vacuum Cooling &amp; Baking Solutions","isPartOf":{"@id":"https:\/\/www.vacuumcooling.com\/#website"},"primaryImageOfPage":{"@id":"https:\/\/www.vacuumcooling.com\/nl\/over-ons\/#primaryimage"},"image":{"@id":"https:\/\/www.vacuumcooling.com\/nl\/over-ons\/#primaryimage"},"thumbnailUrl":"https:\/\/www.vacuumcooling.com\/wp-content\/uploads\/2020\/05\/pandnew-belettering-b.jpg","datePublished":"2020-06-29T09:46:55+00:00","dateModified":"2020-10-23T13:52:08+00:00","breadcrumb":{"@id":"https:\/\/www.vacuumcooling.com\/nl\/over-ons\/#breadcrumb"},"inLanguage":"nl-NL","potentialAction":[{"@type":"ReadAction","target":["https:\/\/www.vacuumcooling.com\/nl\/over-ons\/"]}]},{"@type":"ImageObject","inLanguage":"nl-NL","@id":"https:\/\/www.vacuumcooling.com\/nl\/over-ons\/#primaryimage","url":"https:\/\/www.vacuumcooling.com\/wp-content\/uploads\/2020\/05\/pandnew-belettering-b.jpg","contentUrl":"https:\/\/www.vacuumcooling.com\/wp-content\/uploads\/2020\/05\/pandnew-belettering-b.jpg"},{"@type":"BreadcrumbList","@id":"https:\/\/www.vacuumcooling.com\/nl\/over-ons\/#breadcrumb","itemListElement":[{"@type":"ListItem","position":1,"name":"Home","item":"https:\/\/www.vacuumcooling.com\/nl\/"},{"@type":"ListItem","position":2,"name":"Over ons"}]},{"@type":"WebSite","@id":"https:\/\/www.vacuumcooling.com\/#website","url":"https:\/\/www.vacuumcooling.com\/","name":"Vacuum Cooling &amp; Baking Solutions","description":"Vacuum Cooling &amp; Baking Solutions","potentialAction":[{"@type":"SearchAction","target":{"@type":"EntryPoint","urlTemplate":"https:\/\/www.vacuumcooling.com\/?s={search_term_string}"},"query-input":{"@type":"PropertyValueSpecification","valueRequired":true,"valueName":"search_term_string"}}],"inLanguage":"nl-NL"}]}},"_links":{"self":[{"href":"https:\/\/www.vacuumcooling.com\/nl\/wp-json\/wp\/v2\/pages\/2163","targetHints":{"allow":["GET"]}}],"collection":[{"href":"https:\/\/www.vacuumcooling.com\/nl\/wp-json\/wp\/v2\/pages"}],"about":[{"href":"https:\/\/www.vacuumcooling.com\/nl\/wp-json\/wp\/v2\/types\/page"}],"author":[{"embeddable":true,"href":"https:\/\/www.vacuumcooling.com\/nl\/wp-json\/wp\/v2\/users\/7"}],"replies":[{"embeddable":true,"href":"https:\/\/www.vacuumcooling.com\/nl\/wp-json\/wp\/v2\/comments?post=2163"}],"version-history":[{"count":0,"href":"https:\/\/www.vacuumcooling.com\/nl\/wp-json\/wp\/v2\/pages\/2163\/revisions"}],"wp:attachment":[{"href":"https:\/\/www.vacuumcooling.com\/nl\/wp-json\/wp\/v2\/media?parent=2163"}],"curies":[{"name":"wp","href":"https:\/\/api.w.org\/{rel}","templated":true}]}}